{"id":3677,"date":"2021-07-27T10:41:19","date_gmt":"2021-07-27T10:41:19","guid":{"rendered":"https:\/\/marbellabesthome.com\/?page_id=3677"},"modified":"2021-08-11T10:00:51","modified_gmt":"2021-08-11T10:00:51","slug":"our-services","status":"publish","type":"page","link":"https:\/\/marbellabesthome.com\/es\/servicios\/","title":{"rendered":"Nuestros Servicios"},"content":{"rendered":"<div data-elementor-type=\"wp-page\" data-elementor-id=\"3677\" class=\"elementor elementor-3677\">\n\t\t\t\t\t\t\t\t\t<section class=\"elementor-section elementor-top-section elementor-element elementor-element-121b717 elementor-section-stretched elementor-section-boxed elementor-section-height-default elementor-section-height-default\" data-id=\"121b717\" data-element_type=\"section\" data-settings=\"{&quot;stretch_section&quot;:&quot;section-stretched&quot;,&quot;background_background&quot;:&quot;classic&quot;}\">\n\t\t\t\t\t\t\t<div class=\"elementor-background-overlay\"><\/div>\n\t\t\t\t\t\t\t<div class=\"elementor-container elementor-column-gap-extended\">\n\t\t\t\t\t<div class=\"elementor-column elementor-col-100 elementor-top-column elementor-element elementor-element-55b5e9f\" data-id=\"55b5e9f\" data-element_type=\"column\">\n\t\t\t<div class=\"elementor-widget-wrap elementor-element-populated\">\n\t\t\t\t\t\t\t\t<section class=\"elementor-section elementor-inner-section elementor-element elementor-element-2353db7 elementor-section-boxed elementor-section-height-default elementor-section-height-default\" data-id=\"2353db7\" data-element_type=\"section\" data-settings=\"{&quot;background_background&quot;:&quot;classic&quot;}\">\n\t\t\t\t\t\t\t<div class=\"elementor-background-overlay\"><\/div>\n\t\t\t\t\t\t\t<div class=\"elementor-container elementor-column-gap-default\">\n\t\t\t\t\t<div class=\"elementor-column elementor-col-100 elementor-inner-column elementor-element elementor-element-567203f\" data-id=\"567203f\" data-element_type=\"column\">\n\t\t\t<div class=\"elementor-widget-wrap elementor-element-populated\">\n\t\t\t\t\t\t\t\t<div class=\"elementor-element elementor-element-bda1d79 elementor-widget elementor-widget-spacer\" data-id=\"bda1d79\" data-element_type=\"widget\" data-widget_type=\"spacer.default\">\n\t\t\t\t<div class=\"elementor-widget-container\">\n\t\t\t\t\t<div class=\"elementor-spacer\">\n\t\t\t<div class=\"elementor-spacer-inner\"><\/div>\n\t\t<\/div>\n\t\t\t\t<\/div>\n\t\t\t\t<\/div>\n\t\t\t\t<div class=\"elementor-element elementor-element-482d797 elementor-widget elementor-widget-heading\" data-id=\"482d797\" data-element_type=\"widget\" data-widget_type=\"heading.default\">\n\t\t\t\t<div class=\"elementor-widget-container\">\n\t\t\t<h1 class=\"elementor-heading-title elementor-size-default\">Nuestros Servicios<\/h1>\t\t<\/div>\n\t\t\t\t<\/div>\n\t\t\t\t<div class=\"elementor-element elementor-element-b805d62 elementor-widget elementor-widget-spacer\" data-id=\"b805d62\" data-element_type=\"widget\" data-widget_type=\"spacer.default\">\n\t\t\t\t<div class=\"elementor-widget-container\">\n\t\t\t\t\t<div class=\"elementor-spacer\">\n\t\t\t<div class=\"elementor-spacer-inner\"><\/div>\n\t\t<\/div>\n\t\t\t\t<\/div>\n\t\t\t\t<\/div>\n\t\t\t\t\t<\/div>\n\t\t<\/div>\n\t\t\t\t\t\t\t<\/div>\n\t\t<\/section>\n\t\t\t\t\t<\/div>\n\t\t<\/div>\n\t\t\t\t\t\t\t<\/div>\n\t\t<\/section>\n\t\t\t\t<section class=\"elementor-section elementor-top-section elementor-element elementor-element-28a5a67 elementor-section-stretched elementor-section-boxed elementor-section-height-default elementor-section-height-default\" data-id=\"28a5a67\" data-element_type=\"section\" data-settings=\"{&quot;stretch_section&quot;:&quot;section-stretched&quot;}\">\n\t\t\t\t\t\t<div class=\"elementor-container elementor-column-gap-extended\">\n\t\t\t\t\t<div class=\"elementor-column elementor-col-100 elementor-top-column elementor-element elementor-element-139804a\" data-id=\"139804a\" data-element_type=\"column\">\n\t\t\t<div class=\"elementor-widget-wrap elementor-element-populated\">\n\t\t\t\t\t\t\t\t<div class=\"elementor-element elementor-element-79425f9 elementor-widget elementor-widget-heading\" data-id=\"79425f9\" data-element_type=\"widget\" id=\"prueba\" data-widget_type=\"heading.default\">\n\t\t\t\t<div class=\"elementor-widget-container\">\n\t\t\t<h2 class=\"elementor-heading-title elementor-size-default\">Marbella Best Home<\/h2>\t\t<\/div>\n\t\t\t\t<\/div>\n\t\t\t\t<div class=\"elementor-element elementor-element-486385c elementor-widget elementor-widget-text-editor\" data-id=\"486385c\" data-element_type=\"widget\" data-widget_type=\"text-editor.default\">\n\t\t\t\t<div class=\"elementor-widget-container\">\n\t\t\t\t\t\t\t<p>\u00a1Enhorabuena, ha encontrado el apartamento o villa de sus sue\u00f1os! Una vez realizada la reserva, le sugerimos que conozca a nuestro abogado. \u00c9l se encargar\u00e1 de asegurar todas las etapas de su adquisici\u00f3n. En cuanto al gerente de servicio postventa de Marbella Best Home, \u00e9l supervisar\u00e1 la propiedad, el dise\u00f1o, el mobiliario, etc. Ser\u00e1 su mejor amigo durante los meses, o incluso a\u00f1os, venideros seg\u00fan sus objetivos a largo plazo.<\/p>\t\t\t\t\t\t<\/div>\n\t\t\t\t<\/div>\n\t\t\t\t\t<\/div>\n\t\t<\/div>\n\t\t\t\t\t\t\t<\/div>\n\t\t<\/section>\n\t\t\t\t<section class=\"elementor-section elementor-top-section elementor-element elementor-element-9a24bd4 elementor-section-stretched elementor-section-content-middle elementor-section-boxed elementor-section-height-default elementor-section-height-default\" data-id=\"9a24bd4\" data-element_type=\"section\" data-settings=\"{&quot;stretch_section&quot;:&quot;section-stretched&quot;}\">\n\t\t\t\t\t\t<div class=\"elementor-container elementor-column-gap-extended\">\n\t\t\t\t\t<div class=\"elementor-column elementor-col-50 elementor-top-column elementor-element elementor-element-d8105d7\" data-id=\"d8105d7\" data-element_type=\"column\">\n\t\t\t<div class=\"elementor-widget-wrap elementor-element-populated\">\n\t\t\t\t\t\t\t\t<div class=\"elementor-element elementor-element-0b10e4e elementor-widget elementor-widget-text-editor\" data-id=\"0b10e4e\" data-element_type=\"widget\" data-widget_type=\"text-editor.default\">\n\t\t\t\t<div class=\"elementor-widget-container\">\n\t\t\t\t\t\t\t<p>M\u00e1s all\u00e1 de ayudarlo durante su compra, Marbella Best Home tambi\u00e9n ofrece soporte posterior a la adquisici\u00f3n. Desde el servicio postventa hasta el apoyo para rentabilizar su inversi\u00f3n, descubra a continuaci\u00f3n lo que Marbella Best Home puede ofrecerle.<\/p>\t\t\t\t\t\t<\/div>\n\t\t\t\t<\/div>\n\t\t\t\t<div class=\"elementor-element elementor-element-a8a6926 elementor-widget elementor-widget-text-editor\" data-id=\"a8a6926\" data-element_type=\"widget\" data-widget_type=\"text-editor.default\">\n\t\t\t\t<div class=\"elementor-widget-container\">\n\t\t\t\t\t\t\t<p>Mant\u00e9ngase en calma y disfrute de su adquisici\u00f3n. Marbella Best Home se asegura del establecimiento de contacto y de relaciones privilegiadas entre usted y los prestadores de servicios desde el momento de su adquisici\u00f3n: contrato de seguro contra incendios, gesti\u00f3n de siniestros, intervenciones urgentes (cerrajer\u00eda, aver\u00eda, etc.), asesoramiento pr\u00e1ctico y tur\u00edstico. Estamos aqu\u00ed para asesorarlo y orientarlo si as\u00ed lo desea.<\/p>\t\t\t\t\t\t<\/div>\n\t\t\t\t<\/div>\n\t\t\t\t\t<\/div>\n\t\t<\/div>\n\t\t\t\t<div class=\"elementor-column elementor-col-50 elementor-top-column elementor-element elementor-element-53cf895\" data-id=\"53cf895\" data-element_type=\"column\">\n\t\t\t<div class=\"elementor-widget-wrap elementor-element-populated\">\n\t\t\t\t\t\t\t\t<div class=\"elementor-element elementor-element-f422a30 elementor-invisible elementor-widget elementor-widget-image\" data-id=\"f422a30\" data-element_type=\"widget\" data-settings=\"{&quot;_animation&quot;:&quot;fadeInRight&quot;}\" data-widget_type=\"image.default\">\n\t\t\t\t<div class=\"elementor-widget-container\">\n\t\t\t\t\t\t\t\t\t\t\t\t\t\t\t<img fetchpriority=\"high\" decoding=\"async\" width=\"660\" height=\"494\" src=\"https:\/\/marbellabesthome.com\/wp-content\/uploads\/2021\/07\/1-7980e48d732b6fc85c14b43b94d2aa54.jpg\" class=\"attachment-large size-large wp-image-3402\" alt=\"\" srcset=\"https:\/\/marbellabesthome.com\/wp-content\/uploads\/2021\/07\/1-7980e48d732b6fc85c14b43b94d2aa54.jpg 1024w, https:\/\/marbellabesthome.com\/wp-content\/uploads\/2021\/07\/1-7980e48d732b6fc85c14b43b94d2aa54-300x225.jpg 300w, https:\/\/marbellabesthome.com\/wp-content\/uploads\/2021\/07\/1-7980e48d732b6fc85c14b43b94d2aa54-768x575.jpg 768w, https:\/\/marbellabesthome.com\/wp-content\/uploads\/2021\/07\/1-7980e48d732b6fc85c14b43b94d2aa54-16x12.jpg 16w\" sizes=\"(max-width: 660px) 100vw, 660px\" \/>\t\t\t\t\t\t\t\t\t\t\t\t\t\t\t<\/div>\n\t\t\t\t<\/div>\n\t\t\t\t\t<\/div>\n\t\t<\/div>\n\t\t\t\t\t\t\t<\/div>\n\t\t<\/section>\n\t\t\t\t<section class=\"elementor-section elementor-top-section elementor-element elementor-element-cec91cb elementor-section-stretched elementor-section-content-middle elementor-section-boxed elementor-section-height-default elementor-section-height-default\" data-id=\"cec91cb\" data-element_type=\"section\" data-settings=\"{&quot;stretch_section&quot;:&quot;section-stretched&quot;}\">\n\t\t\t\t\t\t<div class=\"elementor-container elementor-column-gap-extended\">\n\t\t\t\t\t<div class=\"elementor-column elementor-col-50 elementor-top-column elementor-element elementor-element-67081b4\" data-id=\"67081b4\" data-element_type=\"column\">\n\t\t\t<div class=\"elementor-widget-wrap elementor-element-populated\">\n\t\t\t\t\t\t\t\t<div class=\"elementor-element elementor-element-59bde4f elementor-invisible elementor-widget elementor-widget-image\" data-id=\"59bde4f\" data-element_type=\"widget\" data-settings=\"{&quot;_animation&quot;:&quot;fadeInUp&quot;}\" data-widget_type=\"image.default\">\n\t\t\t\t<div class=\"elementor-widget-container\">\n\t\t\t\t\t\t\t\t\t\t\t\t\t\t\t<img decoding=\"async\" width=\"660\" height=\"494\" src=\"https:\/\/marbellabesthome.com\/wp-content\/uploads\/2021\/08\/foto-2.jpg\" class=\"attachment-large size-large wp-image-3844\" alt=\"\" srcset=\"https:\/\/marbellabesthome.com\/wp-content\/uploads\/2021\/08\/foto-2.jpg 1024w, https:\/\/marbellabesthome.com\/wp-content\/uploads\/2021\/08\/foto-2-300x225.jpg 300w, https:\/\/marbellabesthome.com\/wp-content\/uploads\/2021\/08\/foto-2-768x575.jpg 768w, https:\/\/marbellabesthome.com\/wp-content\/uploads\/2021\/08\/foto-2-16x12.jpg 16w\" sizes=\"(max-width: 660px) 100vw, 660px\" \/>\t\t\t\t\t\t\t\t\t\t\t\t\t\t\t<\/div>\n\t\t\t\t<\/div>\n\t\t\t\t\t<\/div>\n\t\t<\/div>\n\t\t\t\t<div class=\"elementor-column elementor-col-50 elementor-top-column elementor-element elementor-element-1b13dbc\" data-id=\"1b13dbc\" data-element_type=\"column\">\n\t\t\t<div class=\"elementor-widget-wrap elementor-element-populated\">\n\t\t\t\t\t\t\t\t<div class=\"elementor-element elementor-element-ffcb155 elementor-widget elementor-widget-text-editor\" data-id=\"ffcb155\" data-element_type=\"widget\" data-widget_type=\"text-editor.default\">\n\t\t\t\t<div class=\"elementor-widget-container\">\n\t\t\t\t\t\t\t<p>El dise\u00f1o de un apartamento o villa en Espa\u00f1a a veces es muy diferente al de una propiedad en B\u00e9lgica, Francia o en cualquier otro lugar. Claramente, la elecci\u00f3n del dise\u00f1o debe tener esto en cuenta y tambi\u00e9n debe tener en cuenta el uso previsto para su compra. De hecho, una propiedad destinada al alquiler y las vacaciones no est\u00e1 equipada de la misma manera que una propiedad residencial. El objetivo de Marbella Best Home es, por tanto, asistirle en la elecci\u00f3n de su mobiliario seg\u00fan sus gustos, sus h\u00e1bitos, la finalidad de la propiedad, etc.\u2026 teniendo en cuenta los espacios y la luminosidad que ofrecen las propiedades de estilo mediterr\u00e1neo y contempor\u00e1neo en Espa\u00f1a.<\/p>\t\t\t\t\t\t<\/div>\n\t\t\t\t<\/div>\n\t\t\t\t<div class=\"elementor-element elementor-element-c23a7df elementor-widget elementor-widget-text-editor\" data-id=\"c23a7df\" data-element_type=\"widget\" data-widget_type=\"text-editor.default\">\n\t\t\t\t<div class=\"elementor-widget-container\">\n\t\t\t\t\t\t\t<p>\u00bfQuiere alquilar su piso, su casa, para rentabilizar su inversi\u00f3n? \u00a1Marbella Best Home ha pensado en todo! Nuestro grupo te ayudar\u00e1 a poner tu propiedad en alquiler: check-in, check-out, inventario, limpieza... \u00a1Un conjunto de servicios que te permitir\u00e1n alquilar tu propiedad con facilidad!<\/p>\t\t\t\t\t\t<\/div>\n\t\t\t\t<\/div>\n\t\t\t\t\t<\/div>\n\t\t<\/div>\n\t\t\t\t\t\t\t<\/div>\n\t\t<\/section>\n\t\t\t\t<section class=\"elementor-section elementor-top-section elementor-element elementor-element-805aec4 elementor-section-stretched elementor-section-content-middle elementor-section-boxed elementor-section-height-default elementor-section-height-default\" data-id=\"805aec4\" data-element_type=\"section\" data-settings=\"{&quot;stretch_section&quot;:&quot;section-stretched&quot;}\">\n\t\t\t\t\t\t<div class=\"elementor-container elementor-column-gap-extended\">\n\t\t\t\t\t<div class=\"elementor-column elementor-col-50 elementor-top-column elementor-element elementor-element-ac2b3a3\" data-id=\"ac2b3a3\" data-element_type=\"column\">\n\t\t\t<div class=\"elementor-widget-wrap elementor-element-populated\">\n\t\t\t\t\t\t\t\t<div class=\"elementor-element elementor-element-a1ba7a5 elementor-widget elementor-widget-text-editor\" data-id=\"a1ba7a5\" data-element_type=\"widget\" data-widget_type=\"text-editor.default\">\n\t\t\t\t<div class=\"elementor-widget-container\">\n\t\t\t\t\t\t\t<p>\u00bfQuiere hacer peque\u00f1os trabajos en su nueva propiedad, o incluso amueblarla, desde B\u00e9lgica, Francia o dondequiera que viva habitualmente? \u00a1Usted define sus deseos y necesidades, Marbella Best Home se encarga del resto! En particular, nos ocupamos de peque\u00f1os trabajos como instalar el wifi, la antena parab\u00f3lica, reformar un ba\u00f1o o incluso montar un jard\u00edn, etc.<\/p>\t\t\t\t\t\t<\/div>\n\t\t\t\t<\/div>\n\t\t\t\t<div class=\"elementor-element elementor-element-e77074d elementor-widget elementor-widget-text-editor\" data-id=\"e77074d\" data-element_type=\"widget\" data-widget_type=\"text-editor.default\">\n\t\t\t\t<div class=\"elementor-widget-container\">\n\t\t\t\t\t\t\t<p>Disfrutar de su villa con piscina y un precioso jard\u00edn privado en la Costa del Sol sin tener que preguntarse \"\u00bfQui\u00e9n se va a encargar del jard\u00edn y de la piscina cuando no estemos aqu\u00ed?\" \u00a1Es posible!<\/p><p>Venga a casa con tranquilidad, Marbella Best Home se ocupar\u00e1 de su jard\u00edn y piscina. Durante todas sus pr\u00f3ximas visitas a Espa\u00f1a, usted podr\u00e1 aprovechar al m\u00e1ximo de todos sus espacios al aire libre tan pronto como llegue.<\/p>\t\t\t\t\t\t<\/div>\n\t\t\t\t<\/div>\n\t\t\t\t\t<\/div>\n\t\t<\/div>\n\t\t\t\t<div class=\"elementor-column elementor-col-50 elementor-top-column elementor-element elementor-element-099f093\" data-id=\"099f093\" data-element_type=\"column\">\n\t\t\t<div class=\"elementor-widget-wrap elementor-element-populated\">\n\t\t\t\t\t\t\t\t<div class=\"elementor-element elementor-element-4c2e9f0 elementor-invisible elementor-widget elementor-widget-image\" data-id=\"4c2e9f0\" data-element_type=\"widget\" data-settings=\"{&quot;_animation&quot;:&quot;fadeInRight&quot;}\" data-widget_type=\"image.default\">\n\t\t\t\t<div class=\"elementor-widget-container\">\n\t\t\t\t\t\t\t\t\t\t\t\t\t\t\t<img decoding=\"async\" width=\"660\" height=\"494\" src=\"https:\/\/marbellabesthome.com\/wp-content\/uploads\/2021\/08\/foto-3.jpg\" class=\"attachment-large size-large wp-image-3845\" alt=\"\" srcset=\"https:\/\/marbellabesthome.com\/wp-content\/uploads\/2021\/08\/foto-3.jpg 1024w, https:\/\/marbellabesthome.com\/wp-content\/uploads\/2021\/08\/foto-3-300x225.jpg 300w, https:\/\/marbellabesthome.com\/wp-content\/uploads\/2021\/08\/foto-3-768x575.jpg 768w, https:\/\/marbellabesthome.com\/wp-content\/uploads\/2021\/08\/foto-3-16x12.jpg 16w\" sizes=\"(max-width: 660px) 100vw, 660px\" \/>\t\t\t\t\t\t\t\t\t\t\t\t\t\t\t<\/div>\n\t\t\t\t<\/div>\n\t\t\t\t\t<\/div>\n\t\t<\/div>\n\t\t\t\t\t\t\t<\/div>\n\t\t<\/section>\n\t\t\t\t<section class=\"elementor-section elementor-top-section elementor-element elementor-element-f32f52e elementor-section-stretched elementor-section-boxed elementor-section-height-default elementor-section-height-default\" data-id=\"f32f52e\" data-element_type=\"section\" data-settings=\"{&quot;stretch_section&quot;:&quot;section-stretched&quot;,&quot;background_background&quot;:&quot;classic&quot;}\">\n\t\t\t\t\t\t<div class=\"elementor-container elementor-column-gap-extended\">\n\t\t\t\t\t<div class=\"elementor-column elementor-col-100 elementor-top-column elementor-element elementor-element-0e0ebff\" data-id=\"0e0ebff\" data-element_type=\"column\">\n\t\t\t<div class=\"elementor-widget-wrap elementor-element-populated\">\n\t\t\t\t\t\t\t\t<div class=\"elementor-element elementor-element-71d09da elementor-widget elementor-widget-text-editor\" data-id=\"71d09da\" data-element_type=\"widget\" data-widget_type=\"text-editor.default\">\n\t\t\t\t<div class=\"elementor-widget-container\">\n\t\t\t\t\t\t\t<p>En conclusi\u00f3n, nuestro equipo est\u00e1 capacitado para apoyarlo, asistirlo, orientarlo si lo desea, en cualquier acci\u00f3n relacionada con la compra de la propiedad de sus sue\u00f1os en la Costa del Sol. Estaremos all\u00ed para evitar que corra riesgos innecesarios en un mercado que te es peque\u00f1o o desconocido pero que nosotros tenemos el privilegio de controlar de la mejor forma posible gracias a nuestra presencia en esta magn\u00edfica regi\u00f3n de Andaluc\u00eda desde hace m\u00e1s de 15 a\u00f1os.<\/p>\t\t\t\t\t\t<\/div>\n\t\t\t\t<\/div>\n\t\t\t\t\t<\/div>\n\t\t<\/div>\n\t\t\t\t\t\t\t<\/div>\n\t\t<\/section>\n\t\t\t\t<section class=\"elementor-section elementor-top-section elementor-element elementor-element-c6ce0b9 elementor-section-stretched elementor-section-content-middle elementor-section-boxed elementor-section-height-default elementor-section-height-default\" data-id=\"c6ce0b9\" data-element_type=\"section\" data-settings=\"{&quot;stretch_section&quot;:&quot;section-stretched&quot;,&quot;background_background&quot;:&quot;classic&quot;}\">\n\t\t\t\t\t\t<div class=\"elementor-container elementor-column-gap-extended\">\n\t\t\t\t\t<div class=\"elementor-column elementor-col-50 elementor-top-column elementor-element elementor-element-226a0f1\" data-id=\"226a0f1\" data-element_type=\"column\">\n\t\t\t<div class=\"elementor-widget-wrap elementor-element-populated\">\n\t\t\t\t\t\t\t\t<div class=\"elementor-element elementor-element-622b9b0 elementor-widget elementor-widget-heading\" data-id=\"622b9b0\" data-element_type=\"widget\" data-widget_type=\"heading.default\">\n\t\t\t\t<div class=\"elementor-widget-container\">\n\t\t\t<h2 class=\"elementor-heading-title elementor-size-default\">Compre su propiedad con nosotros<\/h2>\t\t<\/div>\n\t\t\t\t<\/div>\n\t\t\t\t<div class=\"elementor-element elementor-element-1bf2d0b elementor-widget elementor-widget-heading\" data-id=\"1bf2d0b\" data-element_type=\"widget\" data-widget_type=\"heading.default\">\n\t\t\t\t<div class=\"elementor-widget-container\">\n\t\t\t<div class=\"elementor-heading-title elementor-size-default\">Solo trabajamos con las mejores agencias en la Costa del Sol.\n\n\n\n\n<\/div>\t\t<\/div>\n\t\t\t\t<\/div>\n\t\t\t\t\t<\/div>\n\t\t<\/div>\n\t\t\t\t<div class=\"elementor-column elementor-col-50 elementor-top-column elementor-element elementor-element-7932b00\" data-id=\"7932b00\" data-element_type=\"column\">\n\t\t\t<div class=\"elementor-widget-wrap elementor-element-populated\">\n\t\t\t\t\t\t\t\t<div class=\"elementor-element elementor-element-7d65163 elementor-align-right elementor-mobile-align-left elementor-widget elementor-widget-button\" data-id=\"7d65163\" data-element_type=\"widget\" data-widget_type=\"button.default\">\n\t\t\t\t<div class=\"elementor-widget-container\">\n\t\t\t\t\t<div class=\"elementor-button-wrapper\">\n\t\t\t<a class=\"elementor-button elementor-button-link elementor-size-md\" href=\"https:\/\/marbellabesthome.com\/es\/contact\/\">\n\t\t\t\t\t\t<span class=\"elementor-button-content-wrapper\">\n\t\t\t\t\t\t<span class=\"elementor-button-text\">Cont\u00e1ctenos<\/span>\n\t\t<\/span>\n\t\t\t\t\t<\/a>\n\t\t<\/div>\n\t\t\t\t<\/div>\n\t\t\t\t<\/div>\n\t\t\t\t\t<\/div>\n\t\t<\/div>\n\t\t\t\t\t\t\t<\/div>\n\t\t<\/section>\n\t\t\t\t\t\t\t<\/div>","protected":false},"excerpt":{"rendered":"<p>Our Services Marbella Best Home Congratulations, you have found the apartment or villa of your dreams! Once the reservation is made, we suggest you meet our lawyer. He will take care of securing all stages of your acquisition. As for the Marbella Best Home after-sales service manager, he will supervise the property, layout, furnishings, etc. [&hellip;]<\/p>","protected":false},"author":1,"featured_media":0,"parent":0,"menu_order":0,"comment_status":"closed","ping_status":"closed","template":"","meta":{"footnotes":""},"class_list":["post-3677","page","type-page","status-publish","hentry"],"_links":{"self":[{"href":"https:\/\/marbellabesthome.com\/es\/wp-json\/wp\/v2\/pages\/3677","targetHints":{"allow":["GET"]}}],"collection":[{"href":"https:\/\/marbellabesthome.com\/es\/wp-json\/wp\/v2\/pages"}],"about":[{"href":"https:\/\/marbellabesthome.com\/es\/wp-json\/wp\/v2\/types\/page"}],"author":[{"embeddable":true,"href":"https:\/\/marbellabesthome.com\/es\/wp-json\/wp\/v2\/users\/1"}],"replies":[{"embeddable":true,"href":"https:\/\/marbellabesthome.com\/es\/wp-json\/wp\/v2\/comments?post=3677"}],"version-history":[{"count":1,"href":"https:\/\/marbellabesthome.com\/es\/wp-json\/wp\/v2\/pages\/3677\/revisions"}],"predecessor-version":[{"id":10104,"href":"https:\/\/marbellabesthome.com\/es\/wp-json\/wp\/v2\/pages\/3677\/revisions\/10104"}],"wp:attachment":[{"href":"https:\/\/marbellabesthome.com\/es\/wp-json\/wp\/v2\/media?parent=3677"}],"curies":[{"name":"wp","href":"https:\/\/api.w.org\/{rel}","templated":true}]}}