{"id":39,"date":"2020-02-26T09:28:48","date_gmt":"2020-02-26T09:28:48","guid":{"rendered":"https:\/\/demoapus.com\/homeo\/?page_id=39"},"modified":"2024-12-10T10:02:28","modified_gmt":"2024-12-10T10:02:28","slug":"contact","status":"publish","type":"page","link":"https:\/\/marbellabesthome.com\/es\/contact\/","title":{"rendered":"Contacto"},"content":{"rendered":"<div data-elementor-type=\"wp-page\" data-elementor-id=\"39\" class=\"elementor elementor-39\">\n\t\t\t\t\t\t\t\t\t<section class=\"elementor-section elementor-top-section elementor-element elementor-element-4ebcd68 elementor-section-stretched elementor-section-full_width elementor-section-height-default elementor-section-height-default\" data-id=\"4ebcd68\" data-element_type=\"section\" data-settings=\"{&quot;stretch_section&quot;:&quot;section-stretched&quot;,&quot;background_background&quot;:&quot;slideshow&quot;,&quot;background_slideshow_gallery&quot;:[{&quot;id&quot;:3419,&quot;url&quot;:&quot;https:\\\/\\\/marbellabesthome.com\\\/wp-content\\\/uploads\\\/2021\\\/07\\\/about-us.jpg&quot;}],&quot;background_slideshow_loop&quot;:&quot;yes&quot;,&quot;background_slideshow_slide_duration&quot;:5000,&quot;background_slideshow_slide_transition&quot;:&quot;fade&quot;,&quot;background_slideshow_transition_duration&quot;:500}\">\n\t\t\t\t\t\t<div class=\"elementor-container elementor-column-gap-no\">\n\t\t\t\t\t<div class=\"elementor-column elementor-col-100 elementor-top-column elementor-element elementor-element-7eba018\" data-id=\"7eba018\" data-element_type=\"column\" data-settings=\"{&quot;background_background&quot;:&quot;slideshow&quot;,&quot;background_slideshow_gallery&quot;:[],&quot;background_slideshow_loop&quot;:&quot;yes&quot;,&quot;background_slideshow_slide_duration&quot;:5000,&quot;background_slideshow_slide_transition&quot;:&quot;fade&quot;,&quot;background_slideshow_transition_duration&quot;:500}\">\n\t\t\t<div class=\"elementor-widget-wrap elementor-element-populated\">\n\t\t\t\t\t\t\t\t<div class=\"elementor-element elementor-element-fb11b69 elementor-widget elementor-widget-spacer\" data-id=\"fb11b69\" data-element_type=\"widget\" data-widget_type=\"spacer.default\">\n\t\t\t\t<div class=\"elementor-widget-container\">\n\t\t\t\t\t<div class=\"elementor-spacer\">\n\t\t\t<div class=\"elementor-spacer-inner\"><\/div>\n\t\t<\/div>\n\t\t\t\t<\/div>\n\t\t\t\t<\/div>\n\t\t\t\t\t<\/div>\n\t\t<\/div>\n\t\t\t\t\t\t\t<\/div>\n\t\t<\/section>\n\t\t\t\t<section class=\"elementor-section elementor-top-section elementor-element elementor-element-815d0bc elementor-section-stretched elementor-section-boxed elementor-section-height-default elementor-section-height-default\" data-id=\"815d0bc\" data-element_type=\"section\" data-settings=\"{&quot;stretch_section&quot;:&quot;section-stretched&quot;,&quot;background_background&quot;:&quot;slideshow&quot;,&quot;background_slideshow_gallery&quot;:[],&quot;background_slideshow_loop&quot;:&quot;yes&quot;,&quot;background_slideshow_slide_duration&quot;:5000,&quot;background_slideshow_slide_transition&quot;:&quot;fade&quot;,&quot;background_slideshow_transition_duration&quot;:500}\">\n\t\t\t\t\t\t<div class=\"elementor-container elementor-column-gap-extended\">\n\t\t\t\t\t<div class=\"elementor-column elementor-col-100 elementor-top-column elementor-element elementor-element-85a6a12\" data-id=\"85a6a12\" data-element_type=\"column\" data-settings=\"{&quot;background_background&quot;:&quot;slideshow&quot;,&quot;background_slideshow_gallery&quot;:[],&quot;background_slideshow_loop&quot;:&quot;yes&quot;,&quot;background_slideshow_slide_duration&quot;:5000,&quot;background_slideshow_slide_transition&quot;:&quot;fade&quot;,&quot;background_slideshow_transition_duration&quot;:500}\">\n\t\t\t<div class=\"elementor-widget-wrap elementor-element-populated\">\n\t\t\t\t\t\t\t\t<div class=\"elementor-element elementor-element-872d99d elementor-widget elementor-widget-heading\" data-id=\"872d99d\" data-element_type=\"widget\" data-widget_type=\"heading.default\">\n\t\t\t\t<div class=\"elementor-widget-container\">\n\t\t\t<h1 class=\"elementor-heading-title elementor-size-default\">Cont\u00e1ctenos<\/h1>\t\t<\/div>\n\t\t\t\t<\/div>\n\t\t\t\t<section class=\"elementor-section elementor-inner-section elementor-element elementor-element-04c9178 elementor-section-boxed elementor-section-height-default elementor-section-height-default\" data-id=\"04c9178\" data-element_type=\"section\">\n\t\t\t\t\t\t<div class=\"elementor-container elementor-column-gap-extended\">\n\t\t\t\t\t<div class=\"elementor-column elementor-col-50 elementor-inner-column elementor-element elementor-element-b7b7fe1\" data-id=\"b7b7fe1\" data-element_type=\"column\" data-settings=\"{&quot;background_background&quot;:&quot;classic&quot;}\">\n\t\t\t<div class=\"elementor-widget-wrap elementor-element-populated\">\n\t\t\t\t\t\t\t\t<div class=\"elementor-element elementor-element-46ff46f elementor-widget elementor-widget-heading\" data-id=\"46ff46f\" data-element_type=\"widget\" data-widget_type=\"heading.default\">\n\t\t\t\t<div class=\"elementor-widget-container\">\n\t\t\t<h2 class=\"elementor-heading-title elementor-size-default\">Informaci\u00f3n de contacto<\/h2>\t\t<\/div>\n\t\t\t\t<\/div>\n\t\t\t\t<div class=\"elementor-element elementor-element-17f99bc elementor-widget elementor-widget-spacer\" data-id=\"17f99bc\" data-element_type=\"widget\" data-widget_type=\"spacer.default\">\n\t\t\t\t<div class=\"elementor-widget-container\">\n\t\t\t\t\t<div class=\"elementor-spacer\">\n\t\t\t<div class=\"elementor-spacer-inner\"><\/div>\n\t\t<\/div>\n\t\t\t\t<\/div>\n\t\t\t\t<\/div>\n\t\t\t\t<div class=\"elementor-element elementor-element-edb70f7 elementor-widget elementor-widget-text-editor\" data-id=\"edb70f7\" data-element_type=\"widget\" data-widget_type=\"text-editor.default\">\n\t\t\t\t<div class=\"elementor-widget-container\">\n\t\t\t\t\t\t\t<p>Puede contactarnos a trav\u00e9s de nuestro Formulario de Contacto, Llamando o escribiendo a nuestra direcci\u00f3n de correo electr\u00f3nico<\/p>\t\t\t\t\t\t<\/div>\n\t\t\t\t<\/div>\n\t\t\t\t<div class=\"elementor-element elementor-element-537e3d9 elementor-widget elementor-widget-spacer\" data-id=\"537e3d9\" data-element_type=\"widget\" data-widget_type=\"spacer.default\">\n\t\t\t\t<div class=\"elementor-widget-container\">\n\t\t\t\t\t<div class=\"elementor-spacer\">\n\t\t\t<div class=\"elementor-spacer-inner\"><\/div>\n\t\t<\/div>\n\t\t\t\t<\/div>\n\t\t\t\t<\/div>\n\t\t\t\t<div class=\"elementor-element elementor-element-e6fac27 elementor-widget elementor-widget-text-editor\" data-id=\"e6fac27\" data-element_type=\"widget\" data-widget_type=\"text-editor.default\">\n\t\t\t\t<div class=\"elementor-widget-container\">\n\t\t\t\t\t\t\t<p>Yanni Fernandez Doulamis<\/p>\t\t\t\t\t\t<\/div>\n\t\t\t\t<\/div>\n\t\t\t\t<div class=\"elementor-element elementor-element-93cd7fb elementor-widget__width-auto elementor-widget elementor-widget-image\" data-id=\"93cd7fb\" data-element_type=\"widget\" data-widget_type=\"image.default\">\n\t\t\t\t<div class=\"elementor-widget-container\">\n\t\t\t\t\t\t\t\t\t\t\t\t\t\t\t<img decoding=\"async\" width=\"27\" height=\"28\" src=\"https:\/\/marbellabesthome.com\/eeteefte\/2021\/08\/email.png\" class=\"attachment-full size-full wp-image-4095\" alt=\"\" srcset=\"https:\/\/marbellabesthome.com\/eeteefte\/2021\/08\/email.png 27w, https:\/\/marbellabesthome.com\/eeteefte\/2021\/08\/email-12x12.png 12w\" sizes=\"(max-width: 27px) 100vw, 27px\" \/>\t\t\t\t\t\t\t\t\t\t\t\t\t\t\t<\/div>\n\t\t\t\t<\/div>\n\t\t\t\t<div class=\"elementor-element elementor-element-8db2220 elementor-widget__width-auto elementor-widget elementor-widget-heading\" data-id=\"8db2220\" data-element_type=\"widget\" data-widget_type=\"heading.default\">\n\t\t\t\t<div class=\"elementor-widget-container\">\n\t\t\t<div class=\"elementor-heading-title elementor-size-default\"><a href=\"mailto:yanni@group1vest.com\">yanni@group1vest.com<\/a><\/div>\t\t<\/div>\n\t\t\t\t<\/div>\n\t\t\t\t<div class=\"elementor-element elementor-element-b4e2c15 elementor-widget elementor-widget-spacer\" data-id=\"b4e2c15\" data-element_type=\"widget\" data-widget_type=\"spacer.default\">\n\t\t\t\t<div class=\"elementor-widget-container\">\n\t\t\t\t\t<div class=\"elementor-spacer\">\n\t\t\t<div class=\"elementor-spacer-inner\"><\/div>\n\t\t<\/div>\n\t\t\t\t<\/div>\n\t\t\t\t<\/div>\n\t\t\t\t<div class=\"elementor-element elementor-element-0b60542 elementor-widget__width-auto elementor-widget elementor-widget-image\" data-id=\"0b60542\" data-element_type=\"widget\" data-widget_type=\"image.default\">\n\t\t\t\t<div class=\"elementor-widget-container\">\n\t\t\t\t\t\t\t\t\t\t\t\t\t\t\t<img decoding=\"async\" width=\"290\" height=\"90\" src=\"https:\/\/marbellabesthome.com\/eeteefte\/2022\/08\/banderas-11.png\" class=\"attachment-full size-full wp-image-10513\" alt=\"\" srcset=\"https:\/\/marbellabesthome.com\/eeteefte\/2022\/08\/banderas-11.png 290w, https:\/\/marbellabesthome.com\/eeteefte\/2022\/08\/banderas-11-18x6.png 18w\" sizes=\"(max-width: 290px) 100vw, 290px\" \/>\t\t\t\t\t\t\t\t\t\t\t\t\t\t\t<\/div>\n\t\t\t\t<\/div>\n\t\t\t\t<div class=\"elementor-element elementor-element-aa53b32 elementor-widget elementor-widget-spacer\" data-id=\"aa53b32\" data-element_type=\"widget\" data-widget_type=\"spacer.default\">\n\t\t\t\t<div class=\"elementor-widget-container\">\n\t\t\t\t\t<div class=\"elementor-spacer\">\n\t\t\t<div class=\"elementor-spacer-inner\"><\/div>\n\t\t<\/div>\n\t\t\t\t<\/div>\n\t\t\t\t<\/div>\n\t\t\t\t<div class=\"elementor-element elementor-element-1691bd6 elementor-widget__width-auto elementor-widget elementor-widget-heading\" data-id=\"1691bd6\" data-element_type=\"widget\" data-widget_type=\"heading.default\">\n\t\t\t\t<div class=\"elementor-widget-container\">\n\t\t\t<div class=\"elementor-heading-title elementor-size-default\"><a href=\"tel: 34674550581\">+34 674 55 05 81<\/a><\/div>\t\t<\/div>\n\t\t\t\t<\/div>\n\t\t\t\t<div class=\"elementor-element elementor-element-c8489da elementor-widget elementor-widget-spacer\" data-id=\"c8489da\" data-element_type=\"widget\" data-widget_type=\"spacer.default\">\n\t\t\t\t<div class=\"elementor-widget-container\">\n\t\t\t\t\t<div class=\"elementor-spacer\">\n\t\t\t<div class=\"elementor-spacer-inner\"><\/div>\n\t\t<\/div>\n\t\t\t\t<\/div>\n\t\t\t\t<\/div>\n\t\t\t\t<div class=\"elementor-element elementor-element-7a5501a elementor-widget__width-auto elementor-widget elementor-widget-heading\" data-id=\"7a5501a\" data-element_type=\"widget\" data-widget_type=\"heading.default\">\n\t\t\t\t<div class=\"elementor-widget-container\">\n\t\t\t<div class=\"elementor-heading-title elementor-size-default\"><a href=\"tel: 34658572277\">+34 658 57 22 77<\/a><\/div>\t\t<\/div>\n\t\t\t\t<\/div>\n\t\t\t\t<div class=\"elementor-element elementor-element-03f039d elementor-widget elementor-widget-spacer\" data-id=\"03f039d\" data-element_type=\"widget\" data-widget_type=\"spacer.default\">\n\t\t\t\t<div class=\"elementor-widget-container\">\n\t\t\t\t\t<div class=\"elementor-spacer\">\n\t\t\t<div class=\"elementor-spacer-inner\"><\/div>\n\t\t<\/div>\n\t\t\t\t<\/div>\n\t\t\t\t<\/div>\n\t\t\t\t<div class=\"elementor-element elementor-element-76eec31 elementor-widget elementor-widget-spacer\" data-id=\"76eec31\" data-element_type=\"widget\" data-widget_type=\"spacer.default\">\n\t\t\t\t<div class=\"elementor-widget-container\">\n\t\t\t\t\t<div class=\"elementor-spacer\">\n\t\t\t<div class=\"elementor-spacer-inner\"><\/div>\n\t\t<\/div>\n\t\t\t\t<\/div>\n\t\t\t\t<\/div>\n\t\t\t\t<div class=\"elementor-element elementor-element-425544c elementor-shape-rounded elementor-grid-0 e-grid-align-center elementor-widget elementor-widget-social-icons\" data-id=\"425544c\" data-element_type=\"widget\" data-widget_type=\"social-icons.default\">\n\t\t\t\t<div class=\"elementor-widget-container\">\n\t\t\t\t\t<div class=\"elementor-social-icons-wrapper elementor-grid\">\n\t\t\t\t\t\t\t<span class=\"elementor-grid-item\">\n\t\t\t\t\t<a class=\"elementor-icon elementor-social-icon elementor-social-icon-facebook elementor-repeater-item-d708521\" href=\"https:\/\/www.facebook.com\/Marbella-best-home-104499731741912\" target=\"_blank\">\n\t\t\t\t\t\t<span class=\"elementor-screen-only\">Facebook<\/span>\n\t\t\t\t\t\t<svg xmlns=\"http:\/\/www.w3.org\/2000\/svg\" viewbox=\"-110 1 511 511.99996\"><path d=\"m180 512h-81.992188c-13.695312 0-24.835937-11.140625-24.835937-24.835938v-184.9375h-47.835937c-13.695313 0-24.835938-11.144531-24.835938-24.835937v-79.246094c0-13.695312 11.140625-24.835937 24.835938-24.835937h47.835937v-39.683594c0-39.347656 12.355469-72.824219 35.726563-96.804688 23.476562-24.089843 56.285156-36.820312 94.878906-36.820312l62.53125.101562c13.671875.023438 24.792968 11.164063 24.792968 24.835938v73.578125c0 13.695313-11.136718 24.835937-24.828124 24.835937l-42.101563.015626c-12.839844 0-16.109375 2.574218-16.808594 3.363281-1.152343 1.308593-2.523437 5.007812-2.523437 15.222656v31.351563h58.269531c4.386719 0 8.636719 1.082031 12.289063 3.121093 7.878906 4.402344 12.777343 12.726563 12.777343 21.722657l-.03125 79.246093c0 13.6875-11.140625 24.828125-24.835937 24.828125h-58.46875v184.941406c0 13.695313-11.144532 24.835938-24.839844 24.835938zm-76.8125-30.015625h71.632812v-193.195313c0-9.144531 7.441407-16.582031 16.582032-16.582031h66.726562l.027344-68.882812h-66.757812c-9.140626 0-16.578126-7.4375-16.578126-16.582031v-44.789063c0-11.726563 1.191407-25.0625 10.042969-35.085937 10.695313-12.117188 27.550781-13.515626 39.300781-13.515626l36.921876-.015624v-63.226563l-57.332032-.09375c-62.023437 0-100.566406 39.703125-100.566406 103.609375v53.117188c0 9.140624-7.4375 16.582031-16.578125 16.582031h-56.09375v68.882812h56.09375c9.140625 0 16.578125 7.4375 16.578125 16.582031zm163.0625-451.867187h.003906zm0 0\"><\/path><\/svg>\t\t\t\t\t<\/a>\n\t\t\t\t<\/span>\n\t\t\t\t\t\t\t<span class=\"elementor-grid-item\">\n\t\t\t\t\t<a class=\"elementor-icon elementor-social-icon elementor-social-icon- elementor-repeater-item-610bb0e\" href=\"https:\/\/www.instagram.com\/marbellabesthome\/\" target=\"_blank\">\n\t\t\t\t\t\t<span class=\"elementor-screen-only\"><\/span>\n\t\t\t\t\t\t<svg xmlns=\"http:\/\/www.w3.org\/2000\/svg\" viewbox=\"0 0 512.00096 512.00096\"><path d=\"m373.40625 0h-234.8125c-76.421875 0-138.59375 62.171875-138.59375 138.59375v234.816406c0 76.417969 62.171875 138.589844 138.59375 138.589844h234.816406c76.417969 0 138.589844-62.171875 138.589844-138.589844v-234.816406c0-76.421875-62.171875-138.59375-138.59375-138.59375zm108.578125 373.410156c0 59.867188-48.707031 108.574219-108.578125 108.574219h-234.8125c-59.871094 0-108.578125-48.707031-108.578125-108.574219v-234.816406c0-59.871094 48.707031-108.578125 108.578125-108.578125h234.816406c59.867188 0 108.574219 48.707031 108.574219 108.578125zm0 0\"><\/path><path d=\"m256 116.003906c-77.195312 0-139.996094 62.800782-139.996094 139.996094s62.800782 139.996094 139.996094 139.996094 139.996094-62.800782 139.996094-139.996094-62.800782-139.996094-139.996094-139.996094zm0 249.976563c-60.640625 0-109.980469-49.335938-109.980469-109.980469 0-60.640625 49.339844-109.980469 109.980469-109.980469 60.644531 0 109.980469 49.339844 109.980469 109.980469 0 60.644531-49.335938 109.980469-109.980469 109.980469zm0 0\"><\/path><path d=\"m399.34375 66.285156c-22.8125 0-41.367188 18.558594-41.367188 41.367188 0 22.8125 18.554688 41.371094 41.367188 41.371094s41.371094-18.558594 41.371094-41.371094-18.558594-41.367188-41.371094-41.367188zm0 52.71875c-6.257812 0-11.351562-5.09375-11.351562-11.351562 0-6.261719 5.09375-11.351563 11.351562-11.351563 6.261719 0 11.355469 5.089844 11.355469 11.351563 0 6.257812-5.09375 11.351562-11.355469 11.351562zm0 0\"><\/path><\/svg>\t\t\t\t\t<\/a>\n\t\t\t\t<\/span>\n\t\t\t\t\t\t\t<span class=\"elementor-grid-item\">\n\t\t\t\t\t<a class=\"elementor-icon elementor-social-icon elementor-social-icon-whatsapp elementor-repeater-item-41a3843\" href=\"tel: 34654167000\" target=\"_blank\">\n\t\t\t\t\t\t<span class=\"elementor-screen-only\">Whatsapp<\/span>\n\t\t\t\t\t\t<svg xmlns=\"http:\/\/www.w3.org\/2000\/svg\" height=\"682pt\" viewbox=\"-23 -21 682 682.66669\" width=\"682pt\"><path d=\"m544.386719 93.007812c-59.875-59.945312-139.503907-92.9726558-224.335938-93.007812-174.804687 0-317.070312 142.261719-317.140625 317.113281-.023437 55.894531 14.578125 110.457031 42.332032 158.550781l-44.992188 164.335938 168.121094-44.101562c46.324218 25.269531 98.476562 38.585937 151.550781 38.601562h.132813c174.785156 0 317.066406-142.273438 317.132812-317.132812.035156-84.742188-32.921875-164.417969-92.800781-224.359376zm-224.335938 487.933594h-.109375c-47.296875-.019531-93.683594-12.730468-134.160156-36.742187l-9.621094-5.714844-99.765625 26.171875 26.628907-97.269531-6.269532-9.972657c-26.386718-41.96875-40.320312-90.476562-40.296875-140.28125.054688-145.332031 118.304688-263.570312 263.699219-263.570312 70.40625.023438 136.589844 27.476562 186.355469 77.300781s77.15625 116.050781 77.132812 186.484375c-.0625 145.34375-118.304687 263.59375-263.59375 263.59375zm144.585938-197.417968c-7.921875-3.96875-46.882813-23.132813-54.148438-25.78125-7.257812-2.644532-12.546875-3.960938-17.824219 3.96875-5.285156 7.929687-20.46875 25.78125-25.09375 31.066406-4.625 5.289062-9.242187 5.953125-17.167968 1.984375-7.925782-3.964844-33.457032-12.335938-63.726563-39.332031-23.554687-21.011719-39.457031-46.960938-44.082031-54.890626-4.617188-7.9375-.039062-11.8125 3.476562-16.171874 8.578126-10.652344 17.167969-21.820313 19.808594-27.105469 2.644532-5.289063 1.320313-9.917969-.664062-13.882813-1.976563-3.964844-17.824219-42.96875-24.425782-58.839844-6.4375-15.445312-12.964843-13.359374-17.832031-13.601562-4.617187-.230469-9.902343-.277344-15.1875-.277344-5.28125 0-13.867187 1.980469-21.132812 9.917969-7.261719 7.933594-27.730469 27.101563-27.730469 66.105469s28.394531 76.683594 32.355469 81.972656c3.960937 5.289062 55.878906 85.328125 135.367187 119.648438 18.90625 8.171874 33.664063 13.042968 45.175782 16.695312 18.984374 6.03125 36.253906 5.179688 49.910156 3.140625 15.226562-2.277344 46.878906-19.171875 53.488281-37.679687 6.601563-18.511719 6.601563-34.375 4.617187-37.683594-1.976562-3.304688-7.261718-5.285156-15.183593-9.253906zm0 0\" fill-rule=\"evenodd\"><\/path><\/svg>\t\t\t\t\t<\/a>\n\t\t\t\t<\/span>\n\t\t\t\t\t<\/div>\n\t\t\t\t<\/div>\n\t\t\t\t<\/div>\n\t\t\t\t<div class=\"elementor-element elementor-element-c00e4ad elementor-widget elementor-widget-spacer\" data-id=\"c00e4ad\" data-element_type=\"widget\" data-widget_type=\"spacer.default\">\n\t\t\t\t<div class=\"elementor-widget-container\">\n\t\t\t\t\t<div class=\"elementor-spacer\">\n\t\t\t<div class=\"elementor-spacer-inner\"><\/div>\n\t\t<\/div>\n\t\t\t\t<\/div>\n\t\t\t\t<\/div>\n\t\t\t\t<div class=\"elementor-element elementor-element-25b3974 elementor-widget elementor-widget-image\" data-id=\"25b3974\" data-element_type=\"widget\" data-widget_type=\"image.default\">\n\t\t\t\t<div class=\"elementor-widget-container\">\n\t\t\t\t\t\t\t\t\t\t\t\t\t\t\t<img fetchpriority=\"high\" decoding=\"async\" width=\"371\" height=\"150\" src=\"https:\/\/marbellabesthome.com\/eeteefte\/2021\/07\/marbella-best-home-logo-01.png\" class=\"attachment-large size-large wp-image-3318\" alt=\"logo\" srcset=\"https:\/\/marbellabesthome.com\/eeteefte\/2021\/07\/marbella-best-home-logo-01.png 371w, https:\/\/marbellabesthome.com\/eeteefte\/2021\/07\/marbella-best-home-logo-01-300x121.png 300w, https:\/\/marbellabesthome.com\/eeteefte\/2021\/07\/marbella-best-home-logo-01-16x6.png 16w\" sizes=\"(max-width: 371px) 100vw, 371px\" \/>\t\t\t\t\t\t\t\t\t\t\t\t\t\t\t<\/div>\n\t\t\t\t<\/div>\n\t\t\t\t\t<\/div>\n\t\t<\/div>\n\t\t\t\t<div class=\"elementor-column elementor-col-50 elementor-inner-column elementor-element elementor-element-c62c7b9\" data-id=\"c62c7b9\" data-element_type=\"column\" data-settings=\"{&quot;background_background&quot;:&quot;classic&quot;}\">\n\t\t\t<div class=\"elementor-widget-wrap elementor-element-populated\">\n\t\t\t\t\t\t\t\t<div class=\"elementor-element elementor-element-92ca4cd elementor-widget elementor-widget-text-editor\" data-id=\"92ca4cd\" data-element_type=\"widget\" data-widget_type=\"text-editor.default\">\n\t\t\t\t<div class=\"elementor-widget-container\">\n\t\t\t\t\t\t\t\n<div class=\"wpcf7 no-js\" id=\"wpcf7-f261-o1\" lang=\"en-US\" dir=\"ltr\">\n<div class=\"screen-reader-response\"><p role=\"status\" aria-live=\"polite\" aria-atomic=\"true\"><\/p> <ul><\/ul><\/div>\n<form action=\"\/es\/wp-json\/wp\/v2\/pages\/39#wpcf7-f261-o1\" method=\"post\" class=\"wpcf7-form init\" aria-label=\"Contact form\" novalidate=\"novalidate\" data-status=\"init\" data-trp-original-action=\"\/es\/wp-json\/wp\/v2\/pages\/39#wpcf7-f261-o1\">\n<div style=\"display: none;\">\n<input type=\"hidden\" name=\"_wpcf7\" value=\"261\" \/>\n<input type=\"hidden\" name=\"_wpcf7_version\" value=\"5.8.6\" \/>\n<input type=\"hidden\" name=\"_wpcf7_locale\" value=\"en_US\" \/>\n<input type=\"hidden\" name=\"_wpcf7_unit_tag\" value=\"wpcf7-f261-o1\" \/>\n<input type=\"hidden\" name=\"_wpcf7_container_post\" value=\"0\" \/>\n<input type=\"hidden\" name=\"_wpcf7_posted_data_hash\" value=\"\" \/>\n<\/div>\n<div class=\"contact-us\">\n\t<div class=\"row\">\n\t\t<div class=\"col-xs-12 col-sm-6\">\n\t\t\t<p><span class=\"wpcf7-form-control-wrap\" data-name=\"your-name\"><input size=\"40\" class=\"wpcf7-form-control wpcf7-text wpcf7-validates-as-required form-control\" aria-required=\"true\" aria-invalid=\"false\" placeholder=\"Nombre\" value=\"\" type=\"text\" name=\"your-name\" \/><\/span>\n\t\t\t<\/p>\n\t\t<\/div>\n\t\t<div class=\"col-xs-12 col-sm-6\">\n\t\t\t<p><span class=\"wpcf7-form-control-wrap\" data-name=\"your-email\"><input size=\"40\" class=\"wpcf7-form-control wpcf7-email wpcf7-validates-as-required wpcf7-text wpcf7-validates-as-email form-control\" aria-required=\"true\" aria-invalid=\"false\" placeholder=\"Direcci\u00f3n de correo electr\u00f3nico\" value=\"\" type=\"email\" name=\"your-email\" \/><\/span>\n\t\t\t<\/p>\n\t\t<\/div>\n\t\t<div class=\"col-xs-12 col-sm-12\">\n\t\t\t<p><span class=\"wpcf7-form-control-wrap\" data-name=\"number-40\"><input class=\"wpcf7-form-control wpcf7-number wpcf7-validates-as-required wpcf7-validates-as-number form-control\" aria-required=\"true\" aria-invalid=\"false\" placeholder=\"Tel\u00e9fono\" value=\"\" type=\"number\" name=\"number-40\" \/><\/span>\n\t\t\t<\/p>\n\t\t<\/div>\n\t<\/div>\n\t<div>\n\t\t<p><span class=\"wpcf7-form-control-wrap\" data-name=\"your-message\"><textarea cols=\"40\" rows=\"10\" class=\"wpcf7-form-control wpcf7-textarea form-control\" aria-invalid=\"false\" placeholder=\"Mensaje\" name=\"your-message\"><\/textarea><\/span>\n\t\t<\/p>\n\t<\/div>\n\t<div>\n\t\t<p><b>Todos los campos son \"Requeridos\".<\/b>\n\t\t<\/p>\n\t\t<p><span class=\"wpcf7-form-control-wrap\" data-name=\"acceptance-585\"><span class=\"wpcf7-form-control wpcf7-acceptance\"><span class=\"wpcf7-list-item\"><input type=\"checkbox\" name=\"acceptance-585\" value=\"1\" aria-invalid=\"false\" \/><\/span><\/span><\/span> Acepto la <a href=\"https:\/\/marbellabesthome.com\/es\/privacy-policy\/\" target=\"_blank\" style=\"color:blue;\">pol\u00edtica de privacidad, aviso legal y cookies<\/a>. I <b>. Autorizo<\/b> a la agencia Marbella Best Home a ofrecer mi propiedad.\n\t\t<\/p>\n\t<\/div>\n\t<div class=\"clearfix\">\n\t\t<p><input class=\"wpcf7-form-control wpcf7-submit has-spinner btn pull-right btn-theme btn-inverse border-2\" type=\"submit\" value=\"Enviar mensaje\" \/>\n\t\t<\/p>\n\t<\/div>\n<\/div><p style=\"display: none !important;\" class=\"akismet-fields-container\" data-prefix=\"_wpcf7_ak_\"><label>&#916;<textarea name=\"_wpcf7_ak_hp_textarea\" cols=\"45\" rows=\"8\" maxlength=\"100\"><\/textarea><\/label><input type=\"hidden\" id=\"ak_js_1\" name=\"_wpcf7_ak_js\" value=\"115\"\/><script>document.getElementById( \"ak_js_1\" ).setAttribute( \"value\", ( new Date() ).getTime() );<\/script><\/p><div class=\"wpcf7-response-output\" aria-hidden=\"true\"><\/div>\n<input type=\"hidden\" name=\"trp-form-language\" value=\"es\"\/><\/form>\n<\/div>\n\t\t\t\t\t\t<\/div>\n\t\t\t\t<\/div>\n\t\t\t\t\t<\/div>\n\t\t<\/div>\n\t\t\t\t\t\t\t<\/div>\n\t\t<\/section>\n\t\t\t\t\t<\/div>\n\t\t<\/div>\n\t\t\t\t\t\t\t<\/div>\n\t\t<\/section>\n\t\t\t\t\t\t\t<\/div>","protected":false},"excerpt":{"rendered":"<p>Contact Us Contact Information You can contact us through our Contact Form, Calling or writing to our email address Yanni Fernandez Doulamis yanni@group1vest.com +34 674 55 05 81 +34 658 57 22 77 Facebook Whatsapp<\/p>","protected":false},"author":1,"featured_media":0,"parent":0,"menu_order":0,"comment_status":"closed","ping_status":"closed","template":"","meta":{"footnotes":""},"class_list":["post-39","page","type-page","status-publish","hentry"],"_links":{"self":[{"href":"https:\/\/marbellabesthome.com\/es\/wp-json\/wp\/v2\/pages\/39","targetHints":{"allow":["GET"]}}],"collection":[{"href":"https:\/\/marbellabesthome.com\/es\/wp-json\/wp\/v2\/pages"}],"about":[{"href":"https:\/\/marbellabesthome.com\/es\/wp-json\/wp\/v2\/types\/page"}],"author":[{"embeddable":true,"href":"https:\/\/marbellabesthome.com\/es\/wp-json\/wp\/v2\/users\/1"}],"replies":[{"embeddable":true,"href":"https:\/\/marbellabesthome.com\/es\/wp-json\/wp\/v2\/comments?post=39"}],"version-history":[{"count":82,"href":"https:\/\/marbellabesthome.com\/es\/wp-json\/wp\/v2\/pages\/39\/revisions"}],"predecessor-version":[{"id":12878,"href":"https:\/\/marbellabesthome.com\/es\/wp-json\/wp\/v2\/pages\/39\/revisions\/12878"}],"wp:attachment":[{"href":"https:\/\/marbellabesthome.com\/es\/wp-json\/wp\/v2\/media?parent=39"}],"curies":[{"name":"wp","href":"https:\/\/api.w.org\/{rel}","templated":true}]}}