{"id":3677,"date":"2021-07-27T10:41:19","date_gmt":"2021-07-27T10:41:19","guid":{"rendered":"https:\/\/marbellabesthome.com\/?page_id=3677"},"modified":"2021-08-11T10:00:51","modified_gmt":"2021-08-11T10:00:51","slug":"our-services","status":"publish","type":"page","link":"https:\/\/marbellabesthome.com\/fr\/services\/","title":{"rendered":"Nos Services"},"content":{"rendered":"<div data-elementor-type=\"wp-page\" data-elementor-id=\"3677\" class=\"elementor elementor-3677\">\n\t\t\t\t\t\t\t\t\t<section class=\"elementor-section elementor-top-section elementor-element elementor-element-121b717 elementor-section-stretched elementor-section-boxed elementor-section-height-default elementor-section-height-default\" data-id=\"121b717\" data-element_type=\"section\" data-settings=\"{&quot;stretch_section&quot;:&quot;section-stretched&quot;,&quot;background_background&quot;:&quot;classic&quot;}\">\n\t\t\t\t\t\t\t<div class=\"elementor-background-overlay\"><\/div>\n\t\t\t\t\t\t\t<div class=\"elementor-container elementor-column-gap-extended\">\n\t\t\t\t\t<div class=\"elementor-column elementor-col-100 elementor-top-column elementor-element elementor-element-55b5e9f\" data-id=\"55b5e9f\" data-element_type=\"column\">\n\t\t\t<div class=\"elementor-widget-wrap elementor-element-populated\">\n\t\t\t\t\t\t\t\t<section class=\"elementor-section elementor-inner-section elementor-element elementor-element-2353db7 elementor-section-boxed elementor-section-height-default elementor-section-height-default\" data-id=\"2353db7\" data-element_type=\"section\" data-settings=\"{&quot;background_background&quot;:&quot;classic&quot;}\">\n\t\t\t\t\t\t\t<div class=\"elementor-background-overlay\"><\/div>\n\t\t\t\t\t\t\t<div class=\"elementor-container elementor-column-gap-default\">\n\t\t\t\t\t<div class=\"elementor-column elementor-col-100 elementor-inner-column elementor-element elementor-element-567203f\" data-id=\"567203f\" data-element_type=\"column\">\n\t\t\t<div class=\"elementor-widget-wrap elementor-element-populated\">\n\t\t\t\t\t\t\t\t<div class=\"elementor-element elementor-element-bda1d79 elementor-widget elementor-widget-spacer\" data-id=\"bda1d79\" data-element_type=\"widget\" data-widget_type=\"spacer.default\">\n\t\t\t\t<div class=\"elementor-widget-container\">\n\t\t\t\t\t<div class=\"elementor-spacer\">\n\t\t\t<div class=\"elementor-spacer-inner\"><\/div>\n\t\t<\/div>\n\t\t\t\t<\/div>\n\t\t\t\t<\/div>\n\t\t\t\t<div class=\"elementor-element elementor-element-482d797 elementor-widget elementor-widget-heading\" data-id=\"482d797\" data-element_type=\"widget\" data-widget_type=\"heading.default\">\n\t\t\t\t<div class=\"elementor-widget-container\">\n\t\t\t<h1 class=\"elementor-heading-title elementor-size-default\">Nos Services<\/h1>\t\t<\/div>\n\t\t\t\t<\/div>\n\t\t\t\t<div class=\"elementor-element elementor-element-b805d62 elementor-widget elementor-widget-spacer\" data-id=\"b805d62\" data-element_type=\"widget\" data-widget_type=\"spacer.default\">\n\t\t\t\t<div class=\"elementor-widget-container\">\n\t\t\t\t\t<div class=\"elementor-spacer\">\n\t\t\t<div class=\"elementor-spacer-inner\"><\/div>\n\t\t<\/div>\n\t\t\t\t<\/div>\n\t\t\t\t<\/div>\n\t\t\t\t\t<\/div>\n\t\t<\/div>\n\t\t\t\t\t\t\t<\/div>\n\t\t<\/section>\n\t\t\t\t\t<\/div>\n\t\t<\/div>\n\t\t\t\t\t\t\t<\/div>\n\t\t<\/section>\n\t\t\t\t<section class=\"elementor-section elementor-top-section elementor-element elementor-element-28a5a67 elementor-section-stretched elementor-section-boxed elementor-section-height-default elementor-section-height-default\" data-id=\"28a5a67\" data-element_type=\"section\" data-settings=\"{&quot;stretch_section&quot;:&quot;section-stretched&quot;}\">\n\t\t\t\t\t\t<div class=\"elementor-container elementor-column-gap-extended\">\n\t\t\t\t\t<div class=\"elementor-column elementor-col-100 elementor-top-column elementor-element elementor-element-139804a\" data-id=\"139804a\" data-element_type=\"column\">\n\t\t\t<div class=\"elementor-widget-wrap elementor-element-populated\">\n\t\t\t\t\t\t\t\t<div class=\"elementor-element elementor-element-79425f9 elementor-widget elementor-widget-heading\" data-id=\"79425f9\" data-element_type=\"widget\" id=\"prueba\" data-widget_type=\"heading.default\">\n\t\t\t\t<div class=\"elementor-widget-container\">\n\t\t\t<h2 class=\"elementor-heading-title elementor-size-default\">Marbella Best Home<\/h2>\t\t<\/div>\n\t\t\t\t<\/div>\n\t\t\t\t<div class=\"elementor-element elementor-element-486385c elementor-widget elementor-widget-text-editor\" data-id=\"486385c\" data-element_type=\"widget\" data-widget_type=\"text-editor.default\">\n\t\t\t\t<div class=\"elementor-widget-container\">\n\t\t\t\t\t\t\t<p>F\u00e9licitations, vous avez trouv\u00e9 l\u2019appartement ou la villa de vos r\u00eaves ! Une fois la r\u00e9servation faite, nous vous proposons de rencontrer notre avocat. Il se chargera de s\u00e9curiser toutes les \u00e9tapes de votre acquisition. Le responsable du service apr\u00e8s-vente Marbella Best Home quanta lui, effectuera les suivis de chantier, d\u2019am\u00e9nagement, d\u2019ameublement,\u2026 Il sera votre meilleur ami pour les mois, voir les ann\u00e9es \u00e0 venir selon vos objectifs \u00e0 plus ou moins long terme.<\/p>\t\t\t\t\t\t<\/div>\n\t\t\t\t<\/div>\n\t\t\t\t\t<\/div>\n\t\t<\/div>\n\t\t\t\t\t\t\t<\/div>\n\t\t<\/section>\n\t\t\t\t<section class=\"elementor-section elementor-top-section elementor-element elementor-element-9a24bd4 elementor-section-stretched elementor-section-content-middle elementor-section-boxed elementor-section-height-default elementor-section-height-default\" data-id=\"9a24bd4\" data-element_type=\"section\" data-settings=\"{&quot;stretch_section&quot;:&quot;section-stretched&quot;}\">\n\t\t\t\t\t\t<div class=\"elementor-container elementor-column-gap-extended\">\n\t\t\t\t\t<div class=\"elementor-column elementor-col-50 elementor-top-column elementor-element elementor-element-d8105d7\" data-id=\"d8105d7\" data-element_type=\"column\">\n\t\t\t<div class=\"elementor-widget-wrap elementor-element-populated\">\n\t\t\t\t\t\t\t\t<div class=\"elementor-element elementor-element-0b10e4e elementor-widget elementor-widget-text-editor\" data-id=\"0b10e4e\" data-element_type=\"widget\" data-widget_type=\"text-editor.default\">\n\t\t\t\t<div class=\"elementor-widget-container\">\n\t\t\t\t\t\t\t<p>Au-del\u00e0 de vous accompagner durant votre achat, Marbella Best Home vous propose \u00e9galement un accompagnement \u00e0 posteriori de l\u2019acquisition ! Du service apr\u00e8s-vente \u00e0 l\u2019accompagnement dans la rentabilisation de votre investissement, d\u00e9couvrez ci-dessous tout ce que Marbella Best Home peut vous proposer !<\/p>\t\t\t\t\t\t<\/div>\n\t\t\t\t<\/div>\n\t\t\t\t<div class=\"elementor-element elementor-element-a8a6926 elementor-widget elementor-widget-text-editor\" data-id=\"a8a6926\" data-element_type=\"widget\" data-widget_type=\"text-editor.default\">\n\t\t\t\t<div class=\"elementor-widget-container\">\n\t\t\t\t\t\t\t<p>Soyez zen et profitez de votre acquisition. Marbella Best Home assure la mise en contact et l\u2019instauration de rapports privil\u00e9gi\u00e9s entre vous et ses prestataires suite \u00e0 votre acquisition : contrat d\u2019assurance incendie, gestion des sinistres, interventions urgentes (serrurier, d\u00e9pannage, \u2026), conseils pratiques et touristiques. Nous sommes pr\u00e9sents pour vous conseiller et vous orienter si vous le souhaitez.<\/p>\t\t\t\t\t\t<\/div>\n\t\t\t\t<\/div>\n\t\t\t\t\t<\/div>\n\t\t<\/div>\n\t\t\t\t<div class=\"elementor-column elementor-col-50 elementor-top-column elementor-element elementor-element-53cf895\" data-id=\"53cf895\" data-element_type=\"column\">\n\t\t\t<div class=\"elementor-widget-wrap elementor-element-populated\">\n\t\t\t\t\t\t\t\t<div class=\"elementor-element elementor-element-f422a30 elementor-invisible elementor-widget elementor-widget-image\" data-id=\"f422a30\" data-element_type=\"widget\" data-settings=\"{&quot;_animation&quot;:&quot;fadeInRight&quot;}\" data-widget_type=\"image.default\">\n\t\t\t\t<div class=\"elementor-widget-container\">\n\t\t\t\t\t\t\t\t\t\t\t\t\t\t\t<img fetchpriority=\"high\" decoding=\"async\" width=\"660\" height=\"494\" src=\"https:\/\/marbellabesthome.com\/wp-content\/uploads\/2021\/07\/1-7980e48d732b6fc85c14b43b94d2aa54.jpg\" class=\"attachment-large size-large wp-image-3402\" alt=\"\" srcset=\"https:\/\/marbellabesthome.com\/wp-content\/uploads\/2021\/07\/1-7980e48d732b6fc85c14b43b94d2aa54.jpg 1024w, https:\/\/marbellabesthome.com\/wp-content\/uploads\/2021\/07\/1-7980e48d732b6fc85c14b43b94d2aa54-300x225.jpg 300w, https:\/\/marbellabesthome.com\/wp-content\/uploads\/2021\/07\/1-7980e48d732b6fc85c14b43b94d2aa54-768x575.jpg 768w, https:\/\/marbellabesthome.com\/wp-content\/uploads\/2021\/07\/1-7980e48d732b6fc85c14b43b94d2aa54-16x12.jpg 16w\" sizes=\"(max-width: 660px) 100vw, 660px\" \/>\t\t\t\t\t\t\t\t\t\t\t\t\t\t\t<\/div>\n\t\t\t\t<\/div>\n\t\t\t\t\t<\/div>\n\t\t<\/div>\n\t\t\t\t\t\t\t<\/div>\n\t\t<\/section>\n\t\t\t\t<section class=\"elementor-section elementor-top-section elementor-element elementor-element-cec91cb elementor-section-stretched elementor-section-content-middle elementor-section-boxed elementor-section-height-default elementor-section-height-default\" data-id=\"cec91cb\" data-element_type=\"section\" data-settings=\"{&quot;stretch_section&quot;:&quot;section-stretched&quot;}\">\n\t\t\t\t\t\t<div class=\"elementor-container elementor-column-gap-extended\">\n\t\t\t\t\t<div class=\"elementor-column elementor-col-50 elementor-top-column elementor-element elementor-element-67081b4\" data-id=\"67081b4\" data-element_type=\"column\">\n\t\t\t<div class=\"elementor-widget-wrap elementor-element-populated\">\n\t\t\t\t\t\t\t\t<div class=\"elementor-element elementor-element-59bde4f elementor-invisible elementor-widget elementor-widget-image\" data-id=\"59bde4f\" data-element_type=\"widget\" data-settings=\"{&quot;_animation&quot;:&quot;fadeInUp&quot;}\" data-widget_type=\"image.default\">\n\t\t\t\t<div class=\"elementor-widget-container\">\n\t\t\t\t\t\t\t\t\t\t\t\t\t\t\t<img decoding=\"async\" width=\"660\" height=\"494\" src=\"https:\/\/marbellabesthome.com\/wp-content\/uploads\/2021\/08\/foto-2.jpg\" class=\"attachment-large size-large wp-image-3844\" alt=\"\" srcset=\"https:\/\/marbellabesthome.com\/wp-content\/uploads\/2021\/08\/foto-2.jpg 1024w, https:\/\/marbellabesthome.com\/wp-content\/uploads\/2021\/08\/foto-2-300x225.jpg 300w, https:\/\/marbellabesthome.com\/wp-content\/uploads\/2021\/08\/foto-2-768x575.jpg 768w, https:\/\/marbellabesthome.com\/wp-content\/uploads\/2021\/08\/foto-2-16x12.jpg 16w\" sizes=\"(max-width: 660px) 100vw, 660px\" \/>\t\t\t\t\t\t\t\t\t\t\t\t\t\t\t<\/div>\n\t\t\t\t<\/div>\n\t\t\t\t\t<\/div>\n\t\t<\/div>\n\t\t\t\t<div class=\"elementor-column elementor-col-50 elementor-top-column elementor-element elementor-element-1b13dbc\" data-id=\"1b13dbc\" data-element_type=\"column\">\n\t\t\t<div class=\"elementor-widget-wrap elementor-element-populated\">\n\t\t\t\t\t\t\t\t<div class=\"elementor-element elementor-element-ffcb155 elementor-widget elementor-widget-text-editor\" data-id=\"ffcb155\" data-element_type=\"widget\" data-widget_type=\"text-editor.default\">\n\t\t\t\t<div class=\"elementor-widget-container\">\n\t\t\t\t\t\t\t<p>L\u2019agencement d\u2019un appartement ou d\u2019une villa en Espagne est parfois bien diff\u00e9rent de celui d\u2019un bien en Belgique, en France ou ailleurs.  Le choix de l\u2019am\u00e9nagement doit \u00e9videmment en tenir compte. Ce choix devra \u00e9galement prendre en consid\u00e9ration l\u2019usage pr\u00e9vu pour votre acquisition.  En effet, un bien destin\u00e9 \u00e0 la location et aux vacances ne s\u2019\u00e9quipe pas de la m\u00eame fa\u00e7on qu\u2019un bien de r\u00e9sidence. L\u2019objectif de Marbella Best Home est donc de vous assister dans le choix de vos meubles en fonction de vos go\u00fbts, vos habitudes, de la vocation de l\u2019habitation,\u2026tout en tenant compte des espaces et de la luminosit\u00e9 qu\u2019offrent les propri\u00e9t\u00e9s de styles m\u00e9diterran\u00e9en et contemporain en Espagne.<\/p>\t\t\t\t\t\t<\/div>\n\t\t\t\t<\/div>\n\t\t\t\t<div class=\"elementor-element elementor-element-c23a7df elementor-widget elementor-widget-text-editor\" data-id=\"c23a7df\" data-element_type=\"widget\" data-widget_type=\"text-editor.default\">\n\t\t\t\t<div class=\"elementor-widget-container\">\n\t\t\t\t\t\t\t<p>Vous voulez louer votre appartement, votre maison, afin de rentabiliser votre investissement? Marbella Best Home a pens\u00e9 \u00e0 tout! Notre groupe vous aide \u00e0 mettre votre bien \u00e0 la location : check in, check out, \u00e9tat des lieux, nettoyage, \u2026 Une s\u00e9rie de services qui vous permettront de louer votre bien l\u2019esprit l\u00e9ger!<\/p>\t\t\t\t\t\t<\/div>\n\t\t\t\t<\/div>\n\t\t\t\t\t<\/div>\n\t\t<\/div>\n\t\t\t\t\t\t\t<\/div>\n\t\t<\/section>\n\t\t\t\t<section class=\"elementor-section elementor-top-section elementor-element elementor-element-805aec4 elementor-section-stretched elementor-section-content-middle elementor-section-boxed elementor-section-height-default elementor-section-height-default\" data-id=\"805aec4\" data-element_type=\"section\" data-settings=\"{&quot;stretch_section&quot;:&quot;section-stretched&quot;}\">\n\t\t\t\t\t\t<div class=\"elementor-container elementor-column-gap-extended\">\n\t\t\t\t\t<div class=\"elementor-column elementor-col-50 elementor-top-column elementor-element elementor-element-ac2b3a3\" data-id=\"ac2b3a3\" data-element_type=\"column\">\n\t\t\t<div class=\"elementor-widget-wrap elementor-element-populated\">\n\t\t\t\t\t\t\t\t<div class=\"elementor-element elementor-element-a1ba7a5 elementor-widget elementor-widget-text-editor\" data-id=\"a1ba7a5\" data-element_type=\"widget\" data-widget_type=\"text-editor.default\">\n\t\t\t\t<div class=\"elementor-widget-container\">\n\t\t\t\t\t\t\t<p>Vous souhaitez faire faire de petits travaux dans votre nouveau bien ou encore le meubler depuis la Belgique, la France ou quel que soit votre lieu de vie habituel ? Vous d\u00e9finissez vos envies et vos besoins,  Marbella Best Home s\u2019occupe du reste ! Nous nous chargeons notamment de vos petits travaux tels que l\u2019installation du Wifi, d\u2019une parabole, la r\u00e9novation d\u2019une salle de bain ou encore l\u2019am\u00e9nagement d\u2019un jardin, etc.<\/p>\t\t\t\t\t\t<\/div>\n\t\t\t\t<\/div>\n\t\t\t\t<div class=\"elementor-element elementor-element-e77074d elementor-widget elementor-widget-text-editor\" data-id=\"e77074d\" data-element_type=\"widget\" data-widget_type=\"text-editor.default\">\n\t\t\t\t<div class=\"elementor-widget-container\">\n\t\t\t\t\t\t\t<p>Profiter de votre villa avec piscine et d\u2019un joli jardin priv\u00e9 sur la Costa del sol  sans devoir vous poser la question de savoir \u00abQui va s\u2019occuper du jardin et de la piscine quand nous ne sommes pas l\u00e0 ?\u00bb \u2026 C\u2019est possible !<\/p><p>Rentrez chez vous l\u2019esprit tranquille, Marbella Best Home s\u2019occupe de votre jardin et votre piscine. Lors de tous vos prochains s\u00e9jours en Espagne vous pourrez profiter pleinement et d\u00e8s votre arriv\u00e9e de tous vos espaces ext\u00e9rieurs.<\/p>\t\t\t\t\t\t<\/div>\n\t\t\t\t<\/div>\n\t\t\t\t\t<\/div>\n\t\t<\/div>\n\t\t\t\t<div class=\"elementor-column elementor-col-50 elementor-top-column elementor-element elementor-element-099f093\" data-id=\"099f093\" data-element_type=\"column\">\n\t\t\t<div class=\"elementor-widget-wrap elementor-element-populated\">\n\t\t\t\t\t\t\t\t<div class=\"elementor-element elementor-element-4c2e9f0 elementor-invisible elementor-widget elementor-widget-image\" data-id=\"4c2e9f0\" data-element_type=\"widget\" data-settings=\"{&quot;_animation&quot;:&quot;fadeInRight&quot;}\" data-widget_type=\"image.default\">\n\t\t\t\t<div class=\"elementor-widget-container\">\n\t\t\t\t\t\t\t\t\t\t\t\t\t\t\t<img decoding=\"async\" width=\"660\" height=\"494\" src=\"https:\/\/marbellabesthome.com\/wp-content\/uploads\/2021\/08\/foto-3.jpg\" class=\"attachment-large size-large wp-image-3845\" alt=\"\" srcset=\"https:\/\/marbellabesthome.com\/wp-content\/uploads\/2021\/08\/foto-3.jpg 1024w, https:\/\/marbellabesthome.com\/wp-content\/uploads\/2021\/08\/foto-3-300x225.jpg 300w, https:\/\/marbellabesthome.com\/wp-content\/uploads\/2021\/08\/foto-3-768x575.jpg 768w, https:\/\/marbellabesthome.com\/wp-content\/uploads\/2021\/08\/foto-3-16x12.jpg 16w\" sizes=\"(max-width: 660px) 100vw, 660px\" \/>\t\t\t\t\t\t\t\t\t\t\t\t\t\t\t<\/div>\n\t\t\t\t<\/div>\n\t\t\t\t\t<\/div>\n\t\t<\/div>\n\t\t\t\t\t\t\t<\/div>\n\t\t<\/section>\n\t\t\t\t<section class=\"elementor-section elementor-top-section elementor-element elementor-element-f32f52e elementor-section-stretched elementor-section-boxed elementor-section-height-default elementor-section-height-default\" data-id=\"f32f52e\" data-element_type=\"section\" data-settings=\"{&quot;stretch_section&quot;:&quot;section-stretched&quot;,&quot;background_background&quot;:&quot;classic&quot;}\">\n\t\t\t\t\t\t<div class=\"elementor-container elementor-column-gap-extended\">\n\t\t\t\t\t<div class=\"elementor-column elementor-col-100 elementor-top-column elementor-element elementor-element-0e0ebff\" data-id=\"0e0ebff\" data-element_type=\"column\">\n\t\t\t<div class=\"elementor-widget-wrap elementor-element-populated\">\n\t\t\t\t\t\t\t\t<div class=\"elementor-element elementor-element-71d09da elementor-widget elementor-widget-text-editor\" data-id=\"71d09da\" data-element_type=\"widget\" data-widget_type=\"text-editor.default\">\n\t\t\t\t<div class=\"elementor-widget-container\">\n\t\t\t\t\t\t\t<p>En conclusion, notre \u00e9quipe est en mesure de vous seconder, de vous assister, de vous orienter si vous le d\u00e9sirez, pour toute action en relation avec l\u2019achat de votre bien de r\u00eave sur la Costa del Sol. Nous serons pr\u00e9sents afin de vous \u00e9viter de prendre des risques inutiles sur un march\u00e9 peu ou pas connu de vous mais que nous avons le privil\u00e8ge de maitriser au mieux gr\u00e2ce \u00e0 notre pr\u00e9sence dans cette magnifique r\u00e9gion d\u2019Andalousie de plus de 15 ans.<\/p>\t\t\t\t\t\t<\/div>\n\t\t\t\t<\/div>\n\t\t\t\t\t<\/div>\n\t\t<\/div>\n\t\t\t\t\t\t\t<\/div>\n\t\t<\/section>\n\t\t\t\t<section class=\"elementor-section elementor-top-section elementor-element elementor-element-c6ce0b9 elementor-section-stretched elementor-section-content-middle elementor-section-boxed elementor-section-height-default elementor-section-height-default\" data-id=\"c6ce0b9\" data-element_type=\"section\" data-settings=\"{&quot;stretch_section&quot;:&quot;section-stretched&quot;,&quot;background_background&quot;:&quot;classic&quot;}\">\n\t\t\t\t\t\t<div class=\"elementor-container elementor-column-gap-extended\">\n\t\t\t\t\t<div class=\"elementor-column elementor-col-50 elementor-top-column elementor-element elementor-element-226a0f1\" data-id=\"226a0f1\" data-element_type=\"column\">\n\t\t\t<div class=\"elementor-widget-wrap elementor-element-populated\">\n\t\t\t\t\t\t\t\t<div class=\"elementor-element elementor-element-622b9b0 elementor-widget elementor-widget-heading\" data-id=\"622b9b0\" data-element_type=\"widget\" data-widget_type=\"heading.default\">\n\t\t\t\t<div class=\"elementor-widget-container\">\n\t\t\t<h2 class=\"elementor-heading-title elementor-size-default\">Achetez votre propri\u00e9t\u00e9 avec nous<\/h2>\t\t<\/div>\n\t\t\t\t<\/div>\n\t\t\t\t<div class=\"elementor-element elementor-element-1bf2d0b elementor-widget elementor-widget-heading\" data-id=\"1bf2d0b\" data-element_type=\"widget\" data-widget_type=\"heading.default\">\n\t\t\t\t<div class=\"elementor-widget-container\">\n\t\t\t<div class=\"elementor-heading-title elementor-size-default\">Nous travaillons uniquement avec les meilleures entreprises du monde entier\n\n\n\n\n<\/div>\t\t<\/div>\n\t\t\t\t<\/div>\n\t\t\t\t\t<\/div>\n\t\t<\/div>\n\t\t\t\t<div class=\"elementor-column elementor-col-50 elementor-top-column elementor-element elementor-element-7932b00\" data-id=\"7932b00\" data-element_type=\"column\">\n\t\t\t<div class=\"elementor-widget-wrap elementor-element-populated\">\n\t\t\t\t\t\t\t\t<div class=\"elementor-element elementor-element-7d65163 elementor-align-right elementor-mobile-align-left elementor-widget elementor-widget-button\" data-id=\"7d65163\" data-element_type=\"widget\" data-widget_type=\"button.default\">\n\t\t\t\t<div class=\"elementor-widget-container\">\n\t\t\t\t\t<div class=\"elementor-button-wrapper\">\n\t\t\t<a class=\"elementor-button elementor-button-link elementor-size-md\" href=\"https:\/\/marbellabesthome.com\/fr\/contact\/\">\n\t\t\t\t\t\t<span class=\"elementor-button-content-wrapper\">\n\t\t\t\t\t\t<span class=\"elementor-button-text\">Nous contacter<\/span>\n\t\t<\/span>\n\t\t\t\t\t<\/a>\n\t\t<\/div>\n\t\t\t\t<\/div>\n\t\t\t\t<\/div>\n\t\t\t\t\t<\/div>\n\t\t<\/div>\n\t\t\t\t\t\t\t<\/div>\n\t\t<\/section>\n\t\t\t\t\t\t\t<\/div>","protected":false},"excerpt":{"rendered":"<p>Our Services Marbella Best Home Congratulations, you have found the apartment or villa of your dreams! Once the reservation is made, we suggest you meet our lawyer. He will take care of securing all stages of your acquisition. As for the Marbella Best Home after-sales service manager, he will supervise the property, layout, furnishings, etc. [&hellip;]<\/p>","protected":false},"author":1,"featured_media":0,"parent":0,"menu_order":0,"comment_status":"closed","ping_status":"closed","template":"","meta":{"footnotes":""},"class_list":["post-3677","page","type-page","status-publish","hentry"],"_links":{"self":[{"href":"https:\/\/marbellabesthome.com\/fr\/wp-json\/wp\/v2\/pages\/3677","targetHints":{"allow":["GET"]}}],"collection":[{"href":"https:\/\/marbellabesthome.com\/fr\/wp-json\/wp\/v2\/pages"}],"about":[{"href":"https:\/\/marbellabesthome.com\/fr\/wp-json\/wp\/v2\/types\/page"}],"author":[{"embeddable":true,"href":"https:\/\/marbellabesthome.com\/fr\/wp-json\/wp\/v2\/users\/1"}],"replies":[{"embeddable":true,"href":"https:\/\/marbellabesthome.com\/fr\/wp-json\/wp\/v2\/comments?post=3677"}],"version-history":[{"count":1,"href":"https:\/\/marbellabesthome.com\/fr\/wp-json\/wp\/v2\/pages\/3677\/revisions"}],"predecessor-version":[{"id":10104,"href":"https:\/\/marbellabesthome.com\/fr\/wp-json\/wp\/v2\/pages\/3677\/revisions\/10104"}],"wp:attachment":[{"href":"https:\/\/marbellabesthome.com\/fr\/wp-json\/wp\/v2\/media?parent=3677"}],"curies":[{"name":"wp","href":"https:\/\/api.w.org\/{rel}","templated":true}]}}