{"id":37,"date":"2020-02-26T09:28:32","date_gmt":"2020-02-26T09:28:32","guid":{"rendered":"https:\/\/demoapus.com\/homeo\/?page_id=37"},"modified":"2022-08-02T15:21:29","modified_gmt":"2022-08-02T15:21:29","slug":"about","status":"publish","type":"page","link":"https:\/\/marbellabesthome.com\/fr\/qui-sommes-nous\/","title":{"rendered":"About"},"content":{"rendered":"<div data-elementor-type=\"wp-page\" data-elementor-id=\"37\" class=\"elementor elementor-37\">\n\t\t\t\t\t\t\t\t\t<section class=\"elementor-section elementor-top-section elementor-element elementor-element-121b717 elementor-section-stretched elementor-section-boxed elementor-section-height-default elementor-section-height-default\" data-id=\"121b717\" data-element_type=\"section\" data-settings=\"{&quot;stretch_section&quot;:&quot;section-stretched&quot;,&quot;background_background&quot;:&quot;classic&quot;}\">\n\t\t\t\t\t\t\t<div class=\"elementor-background-overlay\"><\/div>\n\t\t\t\t\t\t\t<div class=\"elementor-container elementor-column-gap-extended\">\n\t\t\t\t\t<div class=\"elementor-column elementor-col-100 elementor-top-column elementor-element elementor-element-55b5e9f\" data-id=\"55b5e9f\" data-element_type=\"column\">\n\t\t\t<div class=\"elementor-widget-wrap elementor-element-populated\">\n\t\t\t\t\t\t\t\t<section class=\"elementor-section elementor-inner-section elementor-element elementor-element-2353db7 elementor-section-boxed elementor-section-height-default elementor-section-height-default\" data-id=\"2353db7\" data-element_type=\"section\" data-settings=\"{&quot;background_background&quot;:&quot;classic&quot;}\">\n\t\t\t\t\t\t\t<div class=\"elementor-background-overlay\"><\/div>\n\t\t\t\t\t\t\t<div class=\"elementor-container elementor-column-gap-default\">\n\t\t\t\t\t<div class=\"elementor-column elementor-col-100 elementor-inner-column elementor-element elementor-element-567203f\" data-id=\"567203f\" data-element_type=\"column\">\n\t\t\t<div class=\"elementor-widget-wrap elementor-element-populated\">\n\t\t\t\t\t\t\t\t<div class=\"elementor-element elementor-element-bda1d79 elementor-widget elementor-widget-spacer\" data-id=\"bda1d79\" data-element_type=\"widget\" data-widget_type=\"spacer.default\">\n\t\t\t\t<div class=\"elementor-widget-container\">\n\t\t\t\t\t<div class=\"elementor-spacer\">\n\t\t\t<div class=\"elementor-spacer-inner\"><\/div>\n\t\t<\/div>\n\t\t\t\t<\/div>\n\t\t\t\t<\/div>\n\t\t\t\t<div class=\"elementor-element elementor-element-482d797 elementor-widget elementor-widget-heading\" data-id=\"482d797\" data-element_type=\"widget\" data-widget_type=\"heading.default\">\n\t\t\t\t<div class=\"elementor-widget-container\">\n\t\t\t<h1 class=\"elementor-heading-title elementor-size-default\">Qui Sommes-nous?<\/h1>\t\t<\/div>\n\t\t\t\t<\/div>\n\t\t\t\t<div class=\"elementor-element elementor-element-b805d62 elementor-widget elementor-widget-spacer\" data-id=\"b805d62\" data-element_type=\"widget\" data-widget_type=\"spacer.default\">\n\t\t\t\t<div class=\"elementor-widget-container\">\n\t\t\t\t\t<div class=\"elementor-spacer\">\n\t\t\t<div class=\"elementor-spacer-inner\"><\/div>\n\t\t<\/div>\n\t\t\t\t<\/div>\n\t\t\t\t<\/div>\n\t\t\t\t\t<\/div>\n\t\t<\/div>\n\t\t\t\t\t\t\t<\/div>\n\t\t<\/section>\n\t\t\t\t\t<\/div>\n\t\t<\/div>\n\t\t\t\t\t\t\t<\/div>\n\t\t<\/section>\n\t\t\t\t<section class=\"elementor-section elementor-top-section elementor-element elementor-element-28a5a67 elementor-section-stretched elementor-section-boxed elementor-section-height-default elementor-section-height-default\" data-id=\"28a5a67\" data-element_type=\"section\" data-settings=\"{&quot;stretch_section&quot;:&quot;section-stretched&quot;}\">\n\t\t\t\t\t\t<div class=\"elementor-container elementor-column-gap-extended\">\n\t\t\t\t\t<div class=\"elementor-column elementor-col-100 elementor-top-column elementor-element elementor-element-139804a\" data-id=\"139804a\" data-element_type=\"column\">\n\t\t\t<div class=\"elementor-widget-wrap elementor-element-populated\">\n\t\t\t\t\t\t\t\t<div class=\"elementor-element elementor-element-79425f9 elementor-widget elementor-widget-heading\" data-id=\"79425f9\" data-element_type=\"widget\" id=\"prueba\" data-widget_type=\"heading.default\">\n\t\t\t\t<div class=\"elementor-widget-container\">\n\t\t\t<h2 class=\"elementor-heading-title elementor-size-default\">Marbella Best Home<\/h2>\t\t<\/div>\n\t\t\t\t<\/div>\n\t\t\t\t\t<\/div>\n\t\t<\/div>\n\t\t\t\t\t\t\t<\/div>\n\t\t<\/section>\n\t\t\t\t<section class=\"elementor-section elementor-top-section elementor-element elementor-element-9a24bd4 elementor-section-stretched elementor-section-content-middle elementor-section-boxed elementor-section-height-default elementor-section-height-default\" data-id=\"9a24bd4\" data-element_type=\"section\" data-settings=\"{&quot;stretch_section&quot;:&quot;section-stretched&quot;}\">\n\t\t\t\t\t\t<div class=\"elementor-container elementor-column-gap-extended\">\n\t\t\t\t\t<div class=\"elementor-column elementor-col-50 elementor-top-column elementor-element elementor-element-d8105d7\" data-id=\"d8105d7\" data-element_type=\"column\">\n\t\t\t<div class=\"elementor-widget-wrap elementor-element-populated\">\n\t\t\t\t\t\t\t\t<div class=\"elementor-element elementor-element-486385c elementor-widget elementor-widget-text-editor\" data-id=\"486385c\" data-element_type=\"widget\" data-widget_type=\"text-editor.default\">\n\t\t\t\t<div class=\"elementor-widget-container\">\n\t\t\t\t\t\t\t<p>Marbella Best Home est le fruit du d\u00e9veloppement, ann\u00e9e apr\u00e8s ann\u00e9e, de recherches de biens immobiliers sachant satisfaire une client\u00e8le Belge, Fran\u00e7aise, et internationale.<\/p>\t\t\t\t\t\t<\/div>\n\t\t\t\t<\/div>\n\t\t\t\t<div class=\"elementor-element elementor-element-0b10e4e elementor-widget elementor-widget-text-editor\" data-id=\"0b10e4e\" data-element_type=\"widget\" data-widget_type=\"text-editor.default\">\n\t\t\t\t<div class=\"elementor-widget-container\">\n\t\t\t\t\t\t\t<p>Marbella Best Home a constitu\u00e9 peu \u00e0 peu la meilleure \u00e9quipe immobili\u00e8re du secteur, gr\u00e2ce \u00e0 la diversit\u00e9 de leurs offres (construction, r\u00e9novation, vente, location, fiscalit\u00e9 etc.), ce qui est l\u2019un des facteurs fondamentaux de leur succ\u00e8s et de leur long\u00e9vit\u00e9<\/p>\t\t\t\t\t\t<\/div>\n\t\t\t\t<\/div>\n\t\t\t\t<div class=\"elementor-element elementor-element-a8a6926 elementor-widget elementor-widget-text-editor\" data-id=\"a8a6926\" data-element_type=\"widget\" data-widget_type=\"text-editor.default\">\n\t\t\t\t<div class=\"elementor-widget-container\">\n\t\t\t\t\t\t\t<p>Marbella Best Home est sp\u00e9cialis\u00e9e dans la vente et la location de villas, maisons de ville et appartements de grande qualit\u00e9 sur Marbella, ses alentours et toute la Costa del Sol.<\/p>\t\t\t\t\t\t<\/div>\n\t\t\t\t<\/div>\n\t\t\t\t\t<\/div>\n\t\t<\/div>\n\t\t\t\t<div class=\"elementor-column elementor-col-50 elementor-top-column elementor-element elementor-element-53cf895\" data-id=\"53cf895\" data-element_type=\"column\">\n\t\t\t<div class=\"elementor-widget-wrap elementor-element-populated\">\n\t\t\t\t\t\t\t\t<div class=\"elementor-element elementor-element-f422a30 elementor-invisible elementor-widget elementor-widget-image\" data-id=\"f422a30\" data-element_type=\"widget\" data-settings=\"{&quot;_animation&quot;:&quot;fadeInRight&quot;}\" data-widget_type=\"image.default\">\n\t\t\t\t<div class=\"elementor-widget-container\">\n\t\t\t\t\t\t\t\t\t\t\t\t\t\t\t<img fetchpriority=\"high\" decoding=\"async\" width=\"660\" height=\"494\" src=\"https:\/\/marbellabesthome.com\/wp-content\/uploads\/2021\/07\/1-7980e48d732b6fc85c14b43b94d2aa54.jpg\" class=\"attachment-large size-large wp-image-3402\" alt=\"\" srcset=\"https:\/\/marbellabesthome.com\/wp-content\/uploads\/2021\/07\/1-7980e48d732b6fc85c14b43b94d2aa54.jpg 1024w, https:\/\/marbellabesthome.com\/wp-content\/uploads\/2021\/07\/1-7980e48d732b6fc85c14b43b94d2aa54-300x225.jpg 300w, https:\/\/marbellabesthome.com\/wp-content\/uploads\/2021\/07\/1-7980e48d732b6fc85c14b43b94d2aa54-768x575.jpg 768w, https:\/\/marbellabesthome.com\/wp-content\/uploads\/2021\/07\/1-7980e48d732b6fc85c14b43b94d2aa54-16x12.jpg 16w\" sizes=\"(max-width: 660px) 100vw, 660px\" \/>\t\t\t\t\t\t\t\t\t\t\t\t\t\t\t<\/div>\n\t\t\t\t<\/div>\n\t\t\t\t\t<\/div>\n\t\t<\/div>\n\t\t\t\t\t\t\t<\/div>\n\t\t<\/section>\n\t\t\t\t<section class=\"elementor-section elementor-top-section elementor-element elementor-element-cec91cb elementor-section-stretched elementor-section-content-middle elementor-section-boxed elementor-section-height-default elementor-section-height-default\" data-id=\"cec91cb\" data-element_type=\"section\" data-settings=\"{&quot;stretch_section&quot;:&quot;section-stretched&quot;}\">\n\t\t\t\t\t\t<div class=\"elementor-container elementor-column-gap-extended\">\n\t\t\t\t\t<div class=\"elementor-column elementor-col-50 elementor-top-column elementor-element elementor-element-67081b4\" data-id=\"67081b4\" data-element_type=\"column\">\n\t\t\t<div class=\"elementor-widget-wrap elementor-element-populated\">\n\t\t\t\t\t\t\t\t<div class=\"elementor-element elementor-element-59bde4f elementor-invisible elementor-widget elementor-widget-image\" data-id=\"59bde4f\" data-element_type=\"widget\" data-settings=\"{&quot;_animation&quot;:&quot;fadeInUp&quot;}\" data-widget_type=\"image.default\">\n\t\t\t\t<div class=\"elementor-widget-container\">\n\t\t\t\t\t\t\t\t\t\t\t\t\t\t\t<img decoding=\"async\" width=\"660\" height=\"494\" src=\"https:\/\/marbellabesthome.com\/wp-content\/uploads\/2021\/08\/foto-5.jpg\" class=\"attachment-large size-large wp-image-3861\" alt=\"\" srcset=\"https:\/\/marbellabesthome.com\/wp-content\/uploads\/2021\/08\/foto-5.jpg 1024w, https:\/\/marbellabesthome.com\/wp-content\/uploads\/2021\/08\/foto-5-300x225.jpg 300w, https:\/\/marbellabesthome.com\/wp-content\/uploads\/2021\/08\/foto-5-768x575.jpg 768w, https:\/\/marbellabesthome.com\/wp-content\/uploads\/2021\/08\/foto-5-16x12.jpg 16w\" sizes=\"(max-width: 660px) 100vw, 660px\" \/>\t\t\t\t\t\t\t\t\t\t\t\t\t\t\t<\/div>\n\t\t\t\t<\/div>\n\t\t\t\t\t<\/div>\n\t\t<\/div>\n\t\t\t\t<div class=\"elementor-column elementor-col-50 elementor-top-column elementor-element elementor-element-1b13dbc\" data-id=\"1b13dbc\" data-element_type=\"column\">\n\t\t\t<div class=\"elementor-widget-wrap elementor-element-populated\">\n\t\t\t\t\t\t\t\t<div class=\"elementor-element elementor-element-56c3983 elementor-widget elementor-widget-text-editor\" data-id=\"56c3983\" data-element_type=\"widget\" data-widget_type=\"text-editor.default\">\n\t\t\t\t<div class=\"elementor-widget-container\">\n\t\t\t\t\t\t\t<p>Outre les ventes et locations, Marbella Best Home inclue dans ses services l\u2019administration de propri\u00e9t\u00e9s, la vente de locaux commerciaux et les propri\u00e9t\u00e9s d\u2019investissement, y compris les terrains pour promotions et le conseil aux investisseurs et promoteurs.<\/p>\t\t\t\t\t\t<\/div>\n\t\t\t\t<\/div>\n\t\t\t\t<div class=\"elementor-element elementor-element-ffcb155 elementor-widget elementor-widget-text-editor\" data-id=\"ffcb155\" data-element_type=\"widget\" data-widget_type=\"text-editor.default\">\n\t\t\t\t<div class=\"elementor-widget-container\">\n\t\t\t\t\t\t\t<p>Marbella Best Home c\u2019est une \u00e9quipe de plus de 20 professionnels qualifi\u00e9s jouissants une vaste exp\u00e9rience de l\u2019immobilier Espagnol. Que vous soyez en Belgique ou en France\u2026. l\u2019un de nos conseillers peut vous informer et vous conseiller. L\u2019objectif de Marbella Best Home est d\u2019offrir \u00e0 tous nos clients acheteurs, vendeurs, bailleurs et locataires un service et un accueil du plus haut niveau.<\/p>\t\t\t\t\t\t<\/div>\n\t\t\t\t<\/div>\n\t\t\t\t\t<\/div>\n\t\t<\/div>\n\t\t\t\t\t\t\t<\/div>\n\t\t<\/section>\n\t\t\t\t<section class=\"elementor-section elementor-top-section elementor-element elementor-element-f7c04c1 elementor-section-stretched elementor-section-boxed elementor-section-height-default elementor-section-height-default\" data-id=\"f7c04c1\" data-element_type=\"section\" data-settings=\"{&quot;stretch_section&quot;:&quot;section-stretched&quot;}\">\n\t\t\t\t\t\t<div class=\"elementor-container elementor-column-gap-extended\">\n\t\t\t\t\t<div class=\"elementor-column elementor-col-100 elementor-top-column elementor-element elementor-element-7554450\" data-id=\"7554450\" data-element_type=\"column\">\n\t\t\t<div class=\"elementor-widget-wrap elementor-element-populated\">\n\t\t\t\t\t\t\t\t<div class=\"elementor-element elementor-element-774181e elementor-widget elementor-widget-spacer\" data-id=\"774181e\" data-element_type=\"widget\" data-widget_type=\"spacer.default\">\n\t\t\t\t<div class=\"elementor-widget-container\">\n\t\t\t\t\t<div class=\"elementor-spacer\">\n\t\t\t<div class=\"elementor-spacer-inner\"><\/div>\n\t\t<\/div>\n\t\t\t\t<\/div>\n\t\t\t\t<\/div>\n\t\t\t\t<div class=\"elementor-element elementor-element-0147060 elementor-widget elementor-widget-heading\" data-id=\"0147060\" data-element_type=\"widget\" data-widget_type=\"heading.default\">\n\t\t\t\t<div class=\"elementor-widget-container\">\n\t\t\t<h2 class=\"elementor-heading-title elementor-size-default\">Pourquoi nous choisir?<\/h2>\t\t<\/div>\n\t\t\t\t<\/div>\n\t\t\t\t<div class=\"elementor-element elementor-element-8a94edf elementor-widget elementor-widget-heading\" data-id=\"8a94edf\" data-element_type=\"widget\" data-widget_type=\"heading.default\">\n\t\t\t\t<div class=\"elementor-widget-container\">\n\t\t\t<div class=\"elementor-heading-title elementor-size-default\">Nous fournissons un service complet \u00e0 chaque \u00e9tape<\/div>\t\t<\/div>\n\t\t\t\t<\/div>\n\t\t\t\t\t<\/div>\n\t\t<\/div>\n\t\t\t\t\t\t\t<\/div>\n\t\t<\/section>\n\t\t\t\t<section class=\"elementor-section elementor-top-section elementor-element elementor-element-f32f52e elementor-section-stretched elementor-section-boxed elementor-section-height-default elementor-section-height-default\" data-id=\"f32f52e\" data-element_type=\"section\" data-settings=\"{&quot;stretch_section&quot;:&quot;section-stretched&quot;,&quot;background_background&quot;:&quot;classic&quot;}\">\n\t\t\t\t\t\t<div class=\"elementor-container elementor-column-gap-extended\">\n\t\t\t\t\t<div class=\"elementor-column elementor-col-100 elementor-top-column elementor-element elementor-element-0e0ebff\" data-id=\"0e0ebff\" data-element_type=\"column\">\n\t\t\t<div class=\"elementor-widget-wrap elementor-element-populated\">\n\t\t\t\t\t\t\t\t<div class=\"elementor-element elementor-element-71d09da elementor-widget elementor-widget-text-editor\" data-id=\"71d09da\" data-element_type=\"widget\" data-widget_type=\"text-editor.default\">\n\t\t\t\t<div class=\"elementor-widget-container\">\n\t\t\t\t\t\t\t<p>Marbella Best Home jouit d\u2019une excellente r\u00e9putation, en raison de son service professionnel, direct et honn\u00eate avec ses clients acheteurs et vendeurs. Gr\u00e2ce \u00e0 sa longue exp\u00e9rience dans tous les domaines ayant trait au secteur de l\u2019immobilier, Marbella Best Home sait l\u2019importance de d\u00e9velopper une communication claire et transparente \u00e0 ses clients et d\u2019offrir un excellent service de pr\u00e9 et d\u2019apr\u00e8s-vente. \u00c0 cette fin, Marbella Best Home met en \u0153uvre toutes les actions n\u00e9cessaires afin d\u2019offrir la meilleure assistance et le meilleur support immobilier.<\/p><p>Marbella Best Home fait partie du Groupe-1Vest Properties, qui offre un large panel de services immobiliers tels que :\u00a0op\u00e9rations d'achat et de vente, service de gestion locative (vacances et longue dur\u00e9e), r\u00e9novations, service de conciergerie, constructions, parmi d'autres. N'h\u00e9sitez pas \u00e0 visiter nos sites web pour plus d'informations :\u00a0<a href=\"http:\/\/1vest-immo.com\" target=\"_blank\" rel=\"noopener\"><u><b>1vest-immo.com<\/b><\/u><\/a>,\u00a0<a style=\"background-color: #ffffff;\" href=\"http:\/\/1vest-holiday.com\" target=\"_blank\" rel=\"noopener\"><u><b>1vest-holiday.com<\/b><\/u><\/a>\u00a0and\u00a0<a style=\"background-color: #ffffff;\" href=\"http:\/\/1vest-luxuryproperty.com\" target=\"_blank\" rel=\"noopener\"><u><b>1vest-luxuryproperty.com<\/b><\/u><\/a><\/p>\t\t\t\t\t\t<\/div>\n\t\t\t\t<\/div>\n\t\t\t\t\t<\/div>\n\t\t<\/div>\n\t\t\t\t\t\t\t<\/div>\n\t\t<\/section>\n\t\t\t\t<section class=\"elementor-section elementor-top-section elementor-element elementor-element-c6ce0b9 elementor-section-stretched elementor-section-content-middle elementor-section-boxed elementor-section-height-default elementor-section-height-default\" data-id=\"c6ce0b9\" data-element_type=\"section\" data-settings=\"{&quot;stretch_section&quot;:&quot;section-stretched&quot;,&quot;background_background&quot;:&quot;classic&quot;}\">\n\t\t\t\t\t\t<div class=\"elementor-container elementor-column-gap-extended\">\n\t\t\t\t\t<div class=\"elementor-column elementor-col-50 elementor-top-column elementor-element elementor-element-226a0f1\" data-id=\"226a0f1\" data-element_type=\"column\">\n\t\t\t<div class=\"elementor-widget-wrap elementor-element-populated\">\n\t\t\t\t\t\t\t\t<div class=\"elementor-element elementor-element-622b9b0 elementor-widget elementor-widget-heading\" data-id=\"622b9b0\" data-element_type=\"widget\" data-widget_type=\"heading.default\">\n\t\t\t\t<div class=\"elementor-widget-container\">\n\t\t\t<h2 class=\"elementor-heading-title elementor-size-default\">Achetez votre propri\u00e9t\u00e9 avec nous<\/h2>\t\t<\/div>\n\t\t\t\t<\/div>\n\t\t\t\t\t<\/div>\n\t\t<\/div>\n\t\t\t\t<div class=\"elementor-column elementor-col-50 elementor-top-column elementor-element elementor-element-7932b00\" data-id=\"7932b00\" data-element_type=\"column\">\n\t\t\t<div class=\"elementor-widget-wrap elementor-element-populated\">\n\t\t\t\t\t\t\t\t<div class=\"elementor-element elementor-element-7d65163 elementor-align-right elementor-mobile-align-left elementor-widget elementor-widget-button\" data-id=\"7d65163\" data-element_type=\"widget\" data-widget_type=\"button.default\">\n\t\t\t\t<div class=\"elementor-widget-container\">\n\t\t\t\t\t<div class=\"elementor-button-wrapper\">\n\t\t\t<a class=\"elementor-button elementor-button-link elementor-size-md\" href=\"https:\/\/marbellabesthome.com\/fr\/contact\/\">\n\t\t\t\t\t\t<span class=\"elementor-button-content-wrapper\">\n\t\t\t\t\t\t<span class=\"elementor-button-text\">Nous contacter<\/span>\n\t\t<\/span>\n\t\t\t\t\t<\/a>\n\t\t<\/div>\n\t\t\t\t<\/div>\n\t\t\t\t<\/div>\n\t\t\t\t\t<\/div>\n\t\t<\/div>\n\t\t\t\t\t\t\t<\/div>\n\t\t<\/section>\n\t\t\t\t\t\t\t<\/div>","protected":false},"excerpt":{"rendered":"<p>About Us Marbella Best Home Marbella Best Home is the result of the development, year after year, of real estate searches able to satisfy Belgian, French and international customers. Marbella Best Home has gradually built up the best real estate team in the sector thanks to the diversity of their offers (construction, renovation, sale, rental, [&hellip;]<\/p>","protected":false},"author":1,"featured_media":0,"parent":0,"menu_order":0,"comment_status":"closed","ping_status":"closed","template":"","meta":{"footnotes":""},"class_list":["post-37","page","type-page","status-publish","hentry"],"_links":{"self":[{"href":"https:\/\/marbellabesthome.com\/fr\/wp-json\/wp\/v2\/pages\/37","targetHints":{"allow":["GET"]}}],"collection":[{"href":"https:\/\/marbellabesthome.com\/fr\/wp-json\/wp\/v2\/pages"}],"about":[{"href":"https:\/\/marbellabesthome.com\/fr\/wp-json\/wp\/v2\/types\/page"}],"author":[{"embeddable":true,"href":"https:\/\/marbellabesthome.com\/fr\/wp-json\/wp\/v2\/users\/1"}],"replies":[{"embeddable":true,"href":"https:\/\/marbellabesthome.com\/fr\/wp-json\/wp\/v2\/comments?post=37"}],"version-history":[{"count":18,"href":"https:\/\/marbellabesthome.com\/fr\/wp-json\/wp\/v2\/pages\/37\/revisions"}],"predecessor-version":[{"id":10556,"href":"https:\/\/marbellabesthome.com\/fr\/wp-json\/wp\/v2\/pages\/37\/revisions\/10556"}],"wp:attachment":[{"href":"https:\/\/marbellabesthome.com\/fr\/wp-json\/wp\/v2\/media?parent=37"}],"curies":[{"name":"wp","href":"https:\/\/api.w.org\/{rel}","templated":true}]}}